{"id":68434,"date":"2024-01-25T12:08:28","date_gmt":"2024-01-25T11:08:28","guid":{"rendered":"https:\/\/linetchanvrebio.org\/?page_id=68434"},"modified":"2024-01-25T12:29:54","modified_gmt":"2024-01-25T11:29:54","slug":"fiche-technique-2","status":"publish","type":"page","link":"https:\/\/linetchanvrebio.org\/index.php\/fiche-technique-2\/","title":{"rendered":"Fiche technique de la culture de chanvre &#8211; Hemp4Circularity"},"content":{"rendered":"\n<p><strong>Dans le cadre du projet\u00a0<a href=\"https:\/\/linetchanvrebio.org\/index.php\/2023\/05\/05\/hemp4circularity-pour-une-fibre-ecologique-innovante-locale-et-biosourcee-dans-la-chaine-de-valeur-textile-de-leurope-du-nord-ouest\/\" data-type=\"URL\" data-id=\"https:\/\/linetchanvrebio.org\/index.php\/2023\/05\/05\/hemp4circularity-pour-une-fibre-ecologique-innovante-locale-et-biosourcee-dans-la-chaine-de-valeur-textile-de-leurope-du-nord-ouest\/\" target=\"_blank\" rel=\"noreferrer noopener\">Interreg NWE Hemp4Circularity<\/a>, qui vise \u00e0 impl\u00e9menter le chanvre textile dit \u00ab\u00a0fibres longues\u00a0\u00bb dans la cha\u00eene de valeur textile europ\u00e9enne, Lin et Chanvre Bio et ses partenaires ont d\u00e9velopp\u00e9 une fiche technique de la culture du chanvre.<\/strong><\/p>\n\n\n\n<p>Quelles sont les diff\u00e9rentes utilisations du chanvre ? Quelles sont les grandes \u00e9tapes de sa culture ? Apprenez-en plus sur cette culture.<\/p>\n\n\n\n<div class=\"wp-block-buttons is-content-justification-center is-layout-flex wp-container-core-buttons-is-layout-16018d1d wp-block-buttons-is-layout-flex\">\n<div class=\"wp-block-button\"><a class=\"wp-block-button__link wp-element-button\" href=\"https:\/\/linetchanvrebio.org\/wp-content\/uploads\/Fiche-technique-de-la-culture-de-chanvre-Hemp4Circularity.pdf\">T\u00e9l\u00e9charger la fiche<\/a><\/div>\n<\/div>\n\n\n\n<p>Vous \u00eates int\u00e9ress\u00e9 par le chanvre textile ? D\u00e9couvrez nos formations r\u00e9alis\u00e9es dans le cadre du projet Hemp4Circularity.<\/p>\n\n\n\n<p><em>Fiche technique r\u00e9alis\u00e9e dans le cadre du projet\u00a0Interreg NWE \u00ab\u00a0Hemp4Circularity\u00a0\u00bb.<br>Avec le soutien financier de la R\u00e9gion Normandie.<\/em><\/p>\n\n\n\n<figure class=\"wp-block-image is-resized\"><img loading=\"lazy\" decoding=\"async\" src=\"https:\/\/www.valbiom.be\/sites\/default\/files\/uploads\/Logo_H4C_JPG100_2.jpg\" alt=\"Logo Hemp4Circularity\" width=\"293\" height=\"137\"\/><\/figure>\n\n\n\n<figure class=\"wp-block-image is-resized\"><img loading=\"lazy\" decoding=\"async\" src=\"https:\/\/www.valbiom.be\/sites\/default\/files\/uploads\/Interreg%20Logo%20North-West%20Europe%20RGB%20Color-01_0.jpg\" alt=\"Interreg North-West Europe\" width=\"288\" height=\"87\"\/><\/figure>\n\n\n\n<figure class=\"wp-block-image size-large is-resized\"><img loading=\"lazy\" decoding=\"async\" src=\"https:\/\/linetchanvrebio.org\/wp-content\/uploads\/logo_Normandie-2-1024x969.jpg\" alt=\"\" class=\"wp-image-68440\" width=\"149\" height=\"140\" srcset=\"https:\/\/linetchanvrebio.org\/wp-content\/uploads\/logo_Normandie-2-1024x969.jpg 1024w, https:\/\/linetchanvrebio.org\/wp-content\/uploads\/logo_Normandie-2-300x284.jpg 300w, https:\/\/linetchanvrebio.org\/wp-content\/uploads\/logo_Normandie-2-150x142.jpg 150w, https:\/\/linetchanvrebio.org\/wp-content\/uploads\/logo_Normandie-2-768x727.jpg 768w, https:\/\/linetchanvrebio.org\/wp-content\/uploads\/logo_Normandie-2.jpg 1200w\" sizes=\"auto, (max-width: 149px) 100vw, 149px\" \/><\/figure>\n","protected":false},"excerpt":{"rendered":"<p>Dans le cadre du projet\u00a0Interreg NWE Hemp4Circularity, qui vise \u00e0 impl\u00e9menter le chanvre textile dit \u00ab\u00a0fibres longues\u00a0\u00bb dans la cha\u00eene de valeur textile europ\u00e9enne, Lin et Chanvre Bio et ses partenaires ont d\u00e9velopp\u00e9 une fiche technique de la culture du chanvre. Quelles sont les diff\u00e9rentes utilisations du chanvre ? Quelles sont les grandes \u00e9tapes de &hellip; <a href=\"https:\/\/linetchanvrebio.org\/index.php\/fiche-technique-2\/\" class=\"more-link\">Continuer la lecture de <span class=\"screen-reader-text\">Fiche technique de la culture de chanvre &#8211; Hemp4Circularity<\/span> <span class=\"meta-nav\">&rarr;<\/span><\/a><\/p>\n","protected":false},"author":31,"featured_media":0,"parent":0,"menu_order":0,"comment_status":"closed","ping_status":"closed","template":"","meta":{"footnotes":""},"class_list":["post-68434","page","type-page","status-publish","hentry"],"_links":{"self":[{"href":"https:\/\/linetchanvrebio.org\/index.php\/wp-json\/wp\/v2\/pages\/68434","targetHints":{"allow":["GET"]}}],"collection":[{"href":"https:\/\/linetchanvrebio.org\/index.php\/wp-json\/wp\/v2\/pages"}],"about":[{"href":"https:\/\/linetchanvrebio.org\/index.php\/wp-json\/wp\/v2\/types\/page"}],"author":[{"embeddable":true,"href":"https:\/\/linetchanvrebio.org\/index.php\/wp-json\/wp\/v2\/users\/31"}],"replies":[{"embeddable":true,"href":"https:\/\/linetchanvrebio.org\/index.php\/wp-json\/wp\/v2\/comments?post=68434"}],"version-history":[{"count":2,"href":"https:\/\/linetchanvrebio.org\/index.php\/wp-json\/wp\/v2\/pages\/68434\/revisions"}],"predecessor-version":[{"id":68443,"href":"https:\/\/linetchanvrebio.org\/index.php\/wp-json\/wp\/v2\/pages\/68434\/revisions\/68443"}],"wp:attachment":[{"href":"https:\/\/linetchanvrebio.org\/index.php\/wp-json\/wp\/v2\/media?parent=68434"}],"curies":[{"name":"wp","href":"https:\/\/api.w.org\/{rel}","templated":true}]}}