{"id":68353,"date":"2023-12-06T15:32:05","date_gmt":"2023-12-06T14:32:05","guid":{"rendered":"https:\/\/linetchanvrebio.org\/?page_id=68353"},"modified":"2024-09-25T15:30:32","modified_gmt":"2024-09-25T14:30:32","slug":"rencontres-2024","status":"publish","type":"page","link":"https:\/\/linetchanvrebio.org\/index.php\/rencontres-2024\/","title":{"rendered":"Rencontres 2024"},"content":{"rendered":"\n<p class=\"has-text-align-center has-light-brown-color has-text-color has-background has-medium-font-size\" style=\"background-color:#4a6e3c\"><strong><mark style=\"background-color:rgba(0, 0, 0, 0)\" class=\"has-inline-color has-light-brown-color\">Les Rencontres des fili\u00e8res textiles <\/mark>Lin bio et Chanvre en Normandie pour la 10e \u00e9dition !<\/strong><\/p>\n\n\n\n<p><\/p>\n\n\n\n<figure class=\"wp-block-image size-large\"><img loading=\"lazy\" decoding=\"async\" width=\"1024\" height=\"576\" src=\"https:\/\/linetchanvrebio.org\/wp-content\/uploads\/Vignette-Hello-Asso1-1024x576.jpg\" alt=\"\" class=\"wp-image-68531\" srcset=\"https:\/\/linetchanvrebio.org\/wp-content\/uploads\/Vignette-Hello-Asso1-1024x576.jpg 1024w, https:\/\/linetchanvrebio.org\/wp-content\/uploads\/Vignette-Hello-Asso1-300x169.jpg 300w, https:\/\/linetchanvrebio.org\/wp-content\/uploads\/Vignette-Hello-Asso1-150x84.jpg 150w, https:\/\/linetchanvrebio.org\/wp-content\/uploads\/Vignette-Hello-Asso1-768x432.jpg 768w, https:\/\/linetchanvrebio.org\/wp-content\/uploads\/Vignette-Hello-Asso1-1536x864.jpg 1536w, https:\/\/linetchanvrebio.org\/wp-content\/uploads\/Vignette-Hello-Asso1-2048x1152.jpg 2048w\" sizes=\"auto, (max-width: 1024px) 100vw, 1024px\" \/><\/figure>\n\n\n\n<p><a href=\"https:\/\/linetchanvrebio.org\/\">L&rsquo;association Lin et Chanvre Bio<\/a> a organis\u00e9 ses <strong>10e Rencontres Interprofessionnelles des fili\u00e8res textiles lin bio et chanvre le mardi 11 juin 2024 <\/strong>sur la Ferme de Bonnetot qui cultive du lin et du chanvre en agriculture biologique \u00e0 T\u00f4tes (76) pr\u00e8s de Rouen.<\/p>\n\n\n\n<p>Nous rassemblons toute la fili\u00e8re : des agriculteurs aux marques, en passant par les industriels textiles (teilleurs, filateurs, ennoblisseurs, tricoteurs, tisseurs\u2026). L&rsquo;objectif de la journ\u00e9e est de <strong>faire d\u00e9couvrir les enjeux de ces fili\u00e8res<\/strong>, les d\u00e9velopper en permettant les <strong>\u00e9changes<\/strong> entre tous les maillons de la cha\u00eene de valeur, de <strong>partager les connaissances et les innovations<\/strong> et de souligner la <strong>dynamique <\/strong>\u00e0 l\u2019\u0153uvre en France et en Europe.&nbsp;<\/p>\n\n\n\n<p class=\"has-text-align-center\">Des replay des tables-rondes des \u00e9ditions pr\u00e9c\u00e9dentes sont disponibles sur <a href=\"https:\/\/www.youtube.com\/channel\/UCbn13Apyi_ly-2Gt-sSqeSA\">notre cha\u00eene Youtube<\/a>.<\/p>\n\n\n\n<p><\/p>\n\n\n\n<figure class=\"wp-block-image size-large\"><img loading=\"lazy\" decoding=\"async\" width=\"724\" height=\"1024\" src=\"https:\/\/linetchanvrebio.org\/wp-content\/uploads\/programme_2024-724x1024.jpg\" alt=\"\" class=\"wp-image-68596\" srcset=\"https:\/\/linetchanvrebio.org\/wp-content\/uploads\/programme_2024-724x1024.jpg 724w, https:\/\/linetchanvrebio.org\/wp-content\/uploads\/programme_2024-212x300.jpg 212w, https:\/\/linetchanvrebio.org\/wp-content\/uploads\/programme_2024-106x150.jpg 106w, https:\/\/linetchanvrebio.org\/wp-content\/uploads\/programme_2024-768x1086.jpg 768w, https:\/\/linetchanvrebio.org\/wp-content\/uploads\/programme_2024-1086x1536.jpg 1086w, https:\/\/linetchanvrebio.org\/wp-content\/uploads\/programme_2024-1448x2048.jpg 1448w, https:\/\/linetchanvrebio.org\/wp-content\/uploads\/programme_2024-scaled.jpg 1810w\" sizes=\"auto, (max-width: 724px) 100vw, 724px\" \/><\/figure>\n\n\n\n<p><strong>Pour adh\u00e9rer (Tarif pr\u00e9f\u00e9rentiel pour les adh\u00e9rents)<\/strong> : <a href=\"https:\/\/www.helloasso.com\/associations\/lin-et-chanvre-bio\/adhesions\/formulaire-d-adhesion-2024\">https:\/\/www.helloasso.com\/associations\/lin-et-chanvre-bio\/adhesions\/formulaire-d-adhesion-2024<\/a><\/p>\n\n\n\n<p>Toutes les entr\u00e9es comprennent le repas inclus.<\/p>\n\n\n\n<p><em><strong>Comment venir ?<\/strong><\/em><\/p>\n\n\n\n<ul class=\"wp-block-list\">\n<li><strong>En voiture :<\/strong> La ferme se situe \u00e0 T\u00f4tes (ferme de Bonnetot, 76), un parking sera am\u00e9nag\u00e9 sur place pour accueillir tous les v\u00e9hicules. N&rsquo;h\u00e9sitez pas \u00e0 co-voiturer !<\/li>\n\n\n\n<li><strong>En car depuis la gare d&rsquo;Auffay : Navette gratuite. <\/strong>D\u00e9part de la Gare d&rsquo;Auffay le 11 juin pour le train arriv\u00e9e pr\u00e9vue \u00e0 9h40 et retour \u00e0 la gare d&rsquo;Auffay pour le train d\u00e9part 17h41. La gare d&rsquo;Auffay est accessible en train depuis Rouen Rive-droite, ou depuis Paris avec une correspondance \u00e0 Rouen.<\/li>\n<\/ul>\n\n\n\n<p><em><strong>H\u00e9bergements&nbsp;<\/strong><\/em><\/p>\n\n\n\n<ul class=\"wp-block-list\">\n<li>Liste d&rsquo;h\u00e9bergements \u00e0 T\u00f4tes et alentours : <a href=\"https:\/\/www.quibervillesurmer-auffay-tourisme.com\/sejourner\/ou-dormir\/hotels-chambres-d-hotes\">https:\/\/www.quibervillesurmer-auffay-tourisme.com\/sejourner\/ou-dormir\/hotels-chambres-d-hotes<\/a><\/li>\n<\/ul>\n","protected":false},"excerpt":{"rendered":"<p>Les Rencontres des fili\u00e8res textiles Lin bio et Chanvre en Normandie pour la 10e \u00e9dition ! L&rsquo;association Lin et Chanvre Bio a organis\u00e9 ses 10e Rencontres Interprofessionnelles des fili\u00e8res textiles lin bio et chanvre le mardi 11 juin 2024 sur la Ferme de Bonnetot qui cultive du lin et du chanvre en agriculture biologique \u00e0 &hellip; <a href=\"https:\/\/linetchanvrebio.org\/index.php\/rencontres-2024\/\" class=\"more-link\">Continuer la lecture de <span class=\"screen-reader-text\">Rencontres 2024<\/span> <span class=\"meta-nav\">&rarr;<\/span><\/a><\/p>\n","protected":false},"author":31,"featured_media":0,"parent":0,"menu_order":0,"comment_status":"closed","ping_status":"closed","template":"","meta":{"footnotes":""},"class_list":["post-68353","page","type-page","status-publish","hentry"],"_links":{"self":[{"href":"https:\/\/linetchanvrebio.org\/index.php\/wp-json\/wp\/v2\/pages\/68353","targetHints":{"allow":["GET"]}}],"collection":[{"href":"https:\/\/linetchanvrebio.org\/index.php\/wp-json\/wp\/v2\/pages"}],"about":[{"href":"https:\/\/linetchanvrebio.org\/index.php\/wp-json\/wp\/v2\/types\/page"}],"author":[{"embeddable":true,"href":"https:\/\/linetchanvrebio.org\/index.php\/wp-json\/wp\/v2\/users\/31"}],"replies":[{"embeddable":true,"href":"https:\/\/linetchanvrebio.org\/index.php\/wp-json\/wp\/v2\/comments?post=68353"}],"version-history":[{"count":17,"href":"https:\/\/linetchanvrebio.org\/index.php\/wp-json\/wp\/v2\/pages\/68353\/revisions"}],"predecessor-version":[{"id":68673,"href":"https:\/\/linetchanvrebio.org\/index.php\/wp-json\/wp\/v2\/pages\/68353\/revisions\/68673"}],"wp:attachment":[{"href":"https:\/\/linetchanvrebio.org\/index.php\/wp-json\/wp\/v2\/media?parent=68353"}],"curies":[{"name":"wp","href":"https:\/\/api.w.org\/{rel}","templated":true}]}}