{"id":68315,"date":"2023-11-16T16:12:39","date_gmt":"2023-11-16T15:12:39","guid":{"rendered":"https:\/\/linetchanvrebio.org\/?page_id=68315"},"modified":"2024-04-22T14:36:46","modified_gmt":"2024-04-22T13:36:46","slug":"projet-hemp-4-circularity","status":"publish","type":"page","link":"https:\/\/linetchanvrebio.org\/index.php\/projet-hemp-4-circularity\/","title":{"rendered":"Projet Hemp 4 Circularity"},"content":{"rendered":"\n<div class=\"wp-block-buttons is-content-justification-center is-layout-flex wp-container-core-buttons-is-layout-16018d1d wp-block-buttons-is-layout-flex\">\n<div class=\"wp-block-button\"><a class=\"wp-block-button__link wp-element-button\" href=\"https:\/\/hemp4circularity.nweurope.eu\/\">Site web du projet H4C<\/a><\/div>\n<\/div>\n\n\n\n<p>Le projet est soutenu par le <a href=\"https:\/\/www.nweurope.eu\/\" data-type=\"URL\" data-id=\"https:\/\/www.nweurope.eu\/\">programme Interreg Europe du Nord-Ouest<\/a>. <\/p>\n\n\n\n<p>Lin et Chanvre Bio b\u00e9n\u00e9ficie \u00e9galement du soutien de <a href=\"https:\/\/www.normandie.fr\/\" data-type=\"URL\" data-id=\"https:\/\/www.normandie.fr\/\">la R\u00e9gion Normandie<\/a>. <\/p>\n\n\n<div class=\"wp-block-image\">\n<figure class=\"aligncenter size-large is-resized\"><img loading=\"lazy\" decoding=\"async\" src=\"https:\/\/linetchanvrebio.org\/wp-content\/uploads\/Interreg-Logo-North-West-Europe-RGB-Color-01-1024x309.jpg\" alt=\"\" class=\"wp-image-68300\" width=\"256\" height=\"77\" srcset=\"https:\/\/linetchanvrebio.org\/wp-content\/uploads\/Interreg-Logo-North-West-Europe-RGB-Color-01-1024x309.jpg 1024w, https:\/\/linetchanvrebio.org\/wp-content\/uploads\/Interreg-Logo-North-West-Europe-RGB-Color-01-300x90.jpg 300w, https:\/\/linetchanvrebio.org\/wp-content\/uploads\/Interreg-Logo-North-West-Europe-RGB-Color-01-150x45.jpg 150w, https:\/\/linetchanvrebio.org\/wp-content\/uploads\/Interreg-Logo-North-West-Europe-RGB-Color-01-768x232.jpg 768w, https:\/\/linetchanvrebio.org\/wp-content\/uploads\/Interreg-Logo-North-West-Europe-RGB-Color-01-1536x463.jpg 1536w, https:\/\/linetchanvrebio.org\/wp-content\/uploads\/Interreg-Logo-North-West-Europe-RGB-Color-01.jpg 1903w\" sizes=\"auto, (max-width: 256px) 100vw, 256px\" \/><\/figure><\/div>\n\n<div class=\"wp-block-image\">\n<figure class=\"aligncenter size-large is-resized\"><img loading=\"lazy\" decoding=\"async\" src=\"https:\/\/linetchanvrebio.org\/wp-content\/uploads\/Logo_H4C_PNGx4-1024x476.png\" alt=\"\" class=\"wp-image-68445\" width=\"256\" height=\"118\"\/><\/figure><\/div>\n\n<div class=\"wp-block-image\">\n<figure class=\"aligncenter size-large is-resized\"><img loading=\"lazy\" decoding=\"async\" src=\"https:\/\/linetchanvrebio.org\/wp-content\/uploads\/logo_Normandie-3-1024x969.jpg\" alt=\"\" class=\"wp-image-68449\" width=\"110\" height=\"104\"\/><\/figure><\/div>\n\n\n<figure class=\"wp-block-image size-large\"><img loading=\"lazy\" decoding=\"async\" width=\"1024\" height=\"124\" src=\"https:\/\/linetchanvrebio.org\/wp-content\/uploads\/H4C_Financial-supports_All-logos-2-1024x124.jpg\" alt=\"\" class=\"wp-image-68542\" srcset=\"https:\/\/linetchanvrebio.org\/wp-content\/uploads\/H4C_Financial-supports_All-logos-2-1024x124.jpg 1024w, https:\/\/linetchanvrebio.org\/wp-content\/uploads\/H4C_Financial-supports_All-logos-2-300x36.jpg 300w, https:\/\/linetchanvrebio.org\/wp-content\/uploads\/H4C_Financial-supports_All-logos-2-150x18.jpg 150w, https:\/\/linetchanvrebio.org\/wp-content\/uploads\/H4C_Financial-supports_All-logos-2-768x93.jpg 768w, https:\/\/linetchanvrebio.org\/wp-content\/uploads\/H4C_Financial-supports_All-logos-2-1536x186.jpg 1536w, https:\/\/linetchanvrebio.org\/wp-content\/uploads\/H4C_Financial-supports_All-logos-2-2048x249.jpg 2048w\" sizes=\"auto, (max-width: 1024px) 100vw, 1024px\" \/><\/figure>\n","protected":false},"excerpt":{"rendered":"<p>Le projet est soutenu par le programme Interreg Europe du Nord-Ouest. Lin et Chanvre Bio b\u00e9n\u00e9ficie \u00e9galement du soutien de la R\u00e9gion Normandie.<\/p>\n","protected":false},"author":31,"featured_media":0,"parent":0,"menu_order":0,"comment_status":"closed","ping_status":"closed","template":"","meta":{"footnotes":""},"class_list":["post-68315","page","type-page","status-publish","hentry"],"_links":{"self":[{"href":"https:\/\/linetchanvrebio.org\/index.php\/wp-json\/wp\/v2\/pages\/68315","targetHints":{"allow":["GET"]}}],"collection":[{"href":"https:\/\/linetchanvrebio.org\/index.php\/wp-json\/wp\/v2\/pages"}],"about":[{"href":"https:\/\/linetchanvrebio.org\/index.php\/wp-json\/wp\/v2\/types\/page"}],"author":[{"embeddable":true,"href":"https:\/\/linetchanvrebio.org\/index.php\/wp-json\/wp\/v2\/users\/31"}],"replies":[{"embeddable":true,"href":"https:\/\/linetchanvrebio.org\/index.php\/wp-json\/wp\/v2\/comments?post=68315"}],"version-history":[{"count":5,"href":"https:\/\/linetchanvrebio.org\/index.php\/wp-json\/wp\/v2\/pages\/68315\/revisions"}],"predecessor-version":[{"id":68543,"href":"https:\/\/linetchanvrebio.org\/index.php\/wp-json\/wp\/v2\/pages\/68315\/revisions\/68543"}],"wp:attachment":[{"href":"https:\/\/linetchanvrebio.org\/index.php\/wp-json\/wp\/v2\/media?parent=68315"}],"curies":[{"name":"wp","href":"https:\/\/api.w.org\/{rel}","templated":true}]}}