{"id":68089,"date":"2023-05-03T10:02:11","date_gmt":"2023-05-03T09:02:11","guid":{"rendered":"https:\/\/linetchanvrebio.org\/index.php\/team-members\/"},"modified":"2026-04-27T14:18:39","modified_gmt":"2026-04-27T13:18:39","slug":"team-members","status":"publish","type":"page","link":"https:\/\/linetchanvrebio.org\/index.php\/team-members\/","title":{"rendered":"L&rsquo;\u00e9quipe salari\u00e9e"},"content":{"rendered":"\n<div class=\"wp-block-columns alignwide is-layout-flex wp-container-core-columns-is-layout-9d6595d7 wp-block-columns-is-layout-flex\">\n<div class=\"wp-block-column is-layout-flow wp-block-column-is-layout-flow\">\n<div class=\"wp-block-group\"><div class=\"wp-block-group__inner-container is-layout-constrained wp-block-group-is-layout-constrained\">\n<figure class=\"wp-block-gallery has-nested-images columns-default is-cropped wp-block-gallery-1 is-layout-flex wp-block-gallery-is-layout-flex\">\n<figure class=\"wp-block-image size-large\"><img loading=\"lazy\" decoding=\"async\" width=\"1024\" height=\"1024\" data-id=\"68236\" src=\"https:\/\/linetchanvrebio.org\/wp-content\/uploads\/Pauline-Laurent-1024x1024.jpg\" alt=\"\" class=\"wp-image-68236\" srcset=\"https:\/\/linetchanvrebio.org\/wp-content\/uploads\/Pauline-Laurent-1024x1024.jpg 1024w, https:\/\/linetchanvrebio.org\/wp-content\/uploads\/Pauline-Laurent-300x300.jpg 300w, https:\/\/linetchanvrebio.org\/wp-content\/uploads\/Pauline-Laurent-150x150.jpg 150w, https:\/\/linetchanvrebio.org\/wp-content\/uploads\/Pauline-Laurent-768x768.jpg 768w, https:\/\/linetchanvrebio.org\/wp-content\/uploads\/Pauline-Laurent-1536x1536.jpg 1536w, https:\/\/linetchanvrebio.org\/wp-content\/uploads\/Pauline-Laurent.jpg 1691w\" sizes=\"auto, (max-width: 1024px) 100vw, 1024px\" \/><\/figure>\n<\/figure>\n\n\n\n<h2 class=\"wp-block-heading has-text-color has-medium-font-size\" style=\"color:#11502b;font-style:normal;font-weight:600\">Pauline Laurent<\/h2>\n\n\n\n<h3 class=\"wp-block-heading has-medium-font-size\">Animatrice Coordinatrice<\/h3>\n\n\n\n<p class=\"has-text-align-left\">Coordination des missions de l\u2019association et animation des projets lin bio. Ing\u00e9nieure agronome, Pauline accompagne le changement de pratiques agricoles depuis 2018 en Normandie. <\/p>\n\n\n\n<p>Mail : pauline.laurent[at]linetchanvrebio.org<\/p>\n\n\n\n<p>T\u00e9l : + 33 (0)6 17 97 77 90 &nbsp;<\/p>\n<\/div><\/div>\n<\/div>\n\n\n\n<div class=\"wp-block-column is-layout-flow wp-block-column-is-layout-flow\">\n<div class=\"wp-block-group\"><div class=\"wp-block-group__inner-container is-layout-constrained wp-block-group-is-layout-constrained\">\n<figure class=\"wp-block-gallery has-nested-images columns-default is-cropped wp-block-gallery-2 is-layout-flex wp-block-gallery-is-layout-flex\">\n<figure class=\"wp-block-image size-large\"><img loading=\"lazy\" decoding=\"async\" width=\"1024\" height=\"1024\" data-id=\"69062\" src=\"https:\/\/linetchanvrebio.org\/wp-content\/uploads\/Valentine-Dubois-portrait-1-1024x1024.jpg\" alt=\"\" class=\"wp-image-69062\" srcset=\"https:\/\/linetchanvrebio.org\/wp-content\/uploads\/Valentine-Dubois-portrait-1-1024x1024.jpg 1024w, https:\/\/linetchanvrebio.org\/wp-content\/uploads\/Valentine-Dubois-portrait-1-300x300.jpg 300w, https:\/\/linetchanvrebio.org\/wp-content\/uploads\/Valentine-Dubois-portrait-1-150x150.jpg 150w, https:\/\/linetchanvrebio.org\/wp-content\/uploads\/Valentine-Dubois-portrait-1-768x768.jpg 768w, https:\/\/linetchanvrebio.org\/wp-content\/uploads\/Valentine-Dubois-portrait-1.jpg 1302w\" sizes=\"auto, (max-width: 1024px) 100vw, 1024px\" \/><\/figure>\n<\/figure>\n\n\n\n<h2 class=\"wp-block-heading has-text-color has-medium-font-size\" style=\"color:#11502b\">Valentin Dubois<\/h2>\n\n\n\n<h2 class=\"wp-block-heading has-medium-font-size\">Animateur lin bio et chanvre<\/h2>\n\n\n\n<p>Animation des exp\u00e9rimentations chanvre et des projets lin bio. Valentin a conduit des exp\u00e9rimentations en grandes cultures et a \u00e9t\u00e9 enseignant dans les sciences du vivant en Normandie. Son exp\u00e9rience nous permet de d\u00e9velopper nos outils techniques \u00e0 destination des producteurs et du grand public.<\/p>\n\n\n\n<p>Mail : valentin.dubois[at]linetchanvrebio.org<\/p>\n\n\n\n<p>T\u00e9l : + 33 (0) 6 26 31 24 38<\/p>\n<\/div><\/div>\n<\/div>\n\n\n\n<div class=\"wp-block-column is-layout-flow wp-block-column-is-layout-flow\">\n<figure class=\"wp-block-gallery has-nested-images columns-default is-cropped wp-block-gallery-3 is-layout-flex wp-block-gallery-is-layout-flex\">\n<figure class=\"wp-block-image size-full\"><img loading=\"lazy\" decoding=\"async\" width=\"500\" height=\"500\" data-id=\"68244\" src=\"https:\/\/linetchanvrebio.org\/wp-content\/uploads\/Nathalie-Revol.jpg\" alt=\"\" class=\"wp-image-68244\" srcset=\"https:\/\/linetchanvrebio.org\/wp-content\/uploads\/Nathalie-Revol.jpg 500w, https:\/\/linetchanvrebio.org\/wp-content\/uploads\/Nathalie-Revol-300x300.jpg 300w, https:\/\/linetchanvrebio.org\/wp-content\/uploads\/Nathalie-Revol-150x150.jpg 150w\" sizes=\"auto, (max-width: 500px) 100vw, 500px\" \/><\/figure>\n<\/figure>\n\n\n\n<h2 class=\"wp-block-heading has-text-color has-medium-font-size\" style=\"color:#11502b\">Nathalie Revol <\/h2>\n\n\n\n<h2 class=\"wp-block-heading has-medium-font-size\">Charg\u00e9e de projet chanvre<\/h2>\n\n\n\n<p>Nathalie m\u00e8ne des essais chanvre textile depuis 2017 au sein de l\u2019association des champs jusqu\u2019au produit fini. Son exp\u00e9rience nous permet de recr\u00e9er une fili\u00e8re chanvre textile en France et en Europe<\/p>\n\n\n\n<p>Mail : n.revol-lcbio[at]orange.fr<\/p>\n\n\n\n<p>T\u00e9l : +33 (0)2 23 52 29 74 &nbsp; &nbsp;<\/p>\n<\/div>\n<\/div>\n\n\n\n<div class=\"wp-block-columns is-layout-flex wp-container-core-columns-is-layout-9d6595d7 wp-block-columns-is-layout-flex\">\n<div class=\"wp-block-column is-layout-flow wp-block-column-is-layout-flow\">\n<p><\/p>\n\n\n\n<p><\/p>\n<\/div>\n\n\n\n<div class=\"wp-block-column is-layout-flow wp-block-column-is-layout-flow\"><\/div>\n\n\n\n<div class=\"wp-block-column is-layout-flow wp-block-column-is-layout-flow\"><\/div>\n<\/div>\n","protected":false},"excerpt":{"rendered":"<p>Pauline Laurent Animatrice Coordinatrice Coordination des missions de l\u2019association et animation des projets lin bio. Ing\u00e9nieure agronome, Pauline accompagne le changement de pratiques agricoles depuis 2018 en Normandie. Mail : pauline.laurent[at]linetchanvrebio.org T\u00e9l : + 33 (0)6 17 97 77 90 &nbsp; Valentin Dubois Animateur lin bio et chanvre Animation des exp\u00e9rimentations chanvre et des projets &hellip; <a href=\"https:\/\/linetchanvrebio.org\/index.php\/team-members\/\" class=\"more-link\">Continuer la lecture de <span class=\"screen-reader-text\">L&rsquo;\u00e9quipe salari\u00e9e<\/span> <span class=\"meta-nav\">&rarr;<\/span><\/a><\/p>\n","protected":false},"author":31,"featured_media":0,"parent":0,"menu_order":0,"comment_status":"closed","ping_status":"closed","template":"","meta":{"footnotes":""},"class_list":["post-68089","page","type-page","status-publish","hentry"],"_links":{"self":[{"href":"https:\/\/linetchanvrebio.org\/index.php\/wp-json\/wp\/v2\/pages\/68089","targetHints":{"allow":["GET"]}}],"collection":[{"href":"https:\/\/linetchanvrebio.org\/index.php\/wp-json\/wp\/v2\/pages"}],"about":[{"href":"https:\/\/linetchanvrebio.org\/index.php\/wp-json\/wp\/v2\/types\/page"}],"author":[{"embeddable":true,"href":"https:\/\/linetchanvrebio.org\/index.php\/wp-json\/wp\/v2\/users\/31"}],"replies":[{"embeddable":true,"href":"https:\/\/linetchanvrebio.org\/index.php\/wp-json\/wp\/v2\/comments?post=68089"}],"version-history":[{"count":15,"href":"https:\/\/linetchanvrebio.org\/index.php\/wp-json\/wp\/v2\/pages\/68089\/revisions"}],"predecessor-version":[{"id":69063,"href":"https:\/\/linetchanvrebio.org\/index.php\/wp-json\/wp\/v2\/pages\/68089\/revisions\/69063"}],"wp:attachment":[{"href":"https:\/\/linetchanvrebio.org\/index.php\/wp-json\/wp\/v2\/media?parent=68089"}],"curies":[{"name":"wp","href":"https:\/\/api.w.org\/{rel}","templated":true}]}}