{"id":68018,"date":"2023-02-14T10:57:27","date_gmt":"2023-02-14T09:57:27","guid":{"rendered":"https:\/\/linetchanvrebio.org\/?page_id=68018"},"modified":"2023-12-15T14:26:47","modified_gmt":"2023-12-15T13:26:47","slug":"reindustrialisation-dune-filature-au-sec-en-normandie","status":"publish","type":"page","link":"https:\/\/linetchanvrebio.org\/index.php\/reindustrialisation-dune-filature-au-sec-en-normandie\/","title":{"rendered":"R\u00e9industrialisation d&rsquo;une filature au sec en Normandie"},"content":{"rendered":"\n<h2 class=\"wp-block-heading alignfull has-text-align-center has-off-white-background-color has-background\">La Normandie textile : un territoire de la mati\u00e8re premi\u00e8re jusqu&rsquo;au produit fini<\/h2>\n\n\n\n<h3 class=\"wp-block-heading alignwide has-text-align-center has-off-white-background-color has-background\">Depuis toujours, une passion : le textile<\/h3>\n\n\n\n<div class=\"wp-block-media-text alignwide is-stacked-on-mobile\" style=\"grid-template-columns:39% auto\"><figure class=\"wp-block-media-text__media\"><img loading=\"lazy\" decoding=\"async\" width=\"813\" height=\"1024\" src=\"https:\/\/linetchanvrebio.org\/wp-content\/uploads\/IMG_20210615_120231-1-813x1024.jpg\" alt=\"Pr\u00e9sentation des filatures pendant les Rencontres Lin et Chanvre Bio 2021\" class=\"wp-image-68049 size-full\" srcset=\"https:\/\/linetchanvrebio.org\/wp-content\/uploads\/IMG_20210615_120231-1-813x1024.jpg 813w, https:\/\/linetchanvrebio.org\/wp-content\/uploads\/IMG_20210615_120231-1-238x300.jpg 238w, https:\/\/linetchanvrebio.org\/wp-content\/uploads\/IMG_20210615_120231-1-119x150.jpg 119w, https:\/\/linetchanvrebio.org\/wp-content\/uploads\/IMG_20210615_120231-1-768x967.jpg 768w, https:\/\/linetchanvrebio.org\/wp-content\/uploads\/IMG_20210615_120231-1-1219x1536.jpg 1219w, https:\/\/linetchanvrebio.org\/wp-content\/uploads\/IMG_20210615_120231-1-1626x2048.jpg 1626w, https:\/\/linetchanvrebio.org\/wp-content\/uploads\/IMG_20210615_120231-1.jpg 1679w\" sizes=\"auto, (max-width: 813px) 100vw, 813px\" \/><\/figure><div class=\"wp-block-media-text__content\">\n<ul class=\"wp-block-list\">\n<li class=\"has-medium-font-size\"><strong>2014 : Une rencontre <\/strong><br>Avec l&rsquo;Association Lin et Chanvre bio, association d\u2019agriculteurs qui cultivent le lin bio et maintenant le chanvre textile.<\/li>\n<\/ul>\n\n\n\n<ul class=\"wp-block-list\">\n<li class=\"has-medium-font-size\"><strong>2016 :  Un constat<\/strong><br>L&rsquo;envoi de notre mati\u00e8re premi\u00e8re textile \u00e0 l&rsquo;autre bout du monde, pour nous revenir sous forme de fil, de tissus et de v\u00eatements.<br><em>La France produit 80% du lin mondial mais faute de filatures, elle doit envoyer 90% de sa production en Chine et en Inde pour la transformation.<\/em><\/li>\n<\/ul>\n\n\n\n<ul class=\"wp-block-list\">\n<li class=\"has-medium-font-size\"><strong>Un r\u00eave <\/strong>: remettre une filature de lin sur le territoire national.<\/li>\n<\/ul>\n\n\n\n<ul class=\"wp-block-list\">\n<li class=\"has-medium-font-size\"><strong>2020 : Une premi\u00e8re renaissance avec Emanuel Lang <br><\/strong>La filature de lin, la premi\u00e8re sur le territoire national depuis 20 ans voit le jour chez Emanuel Lang.<\/li>\n<\/ul>\n\n\n\n<ul class=\"wp-block-list\">\n<li class=\"has-medium-font-size\"><strong>22 juin 2020 : La filature du groupe Nat&rsquo;up<\/strong> : La French Filature \u00e0 Saint Martin du Tilleul en Normandie ouvre.<\/li>\n<\/ul>\n\n\n\n<ul class=\"wp-block-list\">\n<li class=\"has-medium-font-size\"><strong>9 mars 2021 : Safilin r\u00e9implante une filature \u00e0 B\u00e9thune<\/strong>, berceau historique de l&rsquo;entreprise. Dans les Hauts-de-France, l\u00e0 o\u00f9 Safilin a d\u00e9but\u00e9 il y a plus de 250 ans. <\/li>\n<\/ul>\n<\/div><\/div>\n\n\n\n<p><strong>Photo prise lors des Rencontres Lin et Chanvre Bio 2021. <br><\/strong><em>De  gauche \u00e0 droite : Pierre Schmitt (Pr\u00e9sident du groupe Velcorex), Olivier Guillaume (Pr\u00e9sident de Safilin), Olivier Ducatillon (Dirigeant de l&rsquo;entreprise Lemaitre Demeestere et pr\u00e9sident de l&rsquo;UIT) et Nina Giorgi (Administratrice de l&rsquo;association Lin et Chanvre Bio, Charg\u00e9e de l&rsquo;\u00e9tude relocalisation d&rsquo;une filature au sec en Normandie).<\/em><\/p>\n\n\n\n<figure class=\"wp-block-embed is-type-video is-provider-youtube wp-block-embed-youtube wp-embed-aspect-16-9 wp-has-aspect-ratio\"><div class=\"wp-block-embed__wrapper\">\n<iframe loading=\"lazy\" title=\"La Normandie, berceau de la fili\u00e8re lin textile\" width=\"604\" height=\"340\" src=\"https:\/\/www.youtube.com\/embed\/MpwBsZmHbdU?feature=oembed\" frameborder=\"0\" allow=\"accelerometer; autoplay; clipboard-write; encrypted-media; gyroscope; picture-in-picture; web-share\" referrerpolicy=\"strict-origin-when-cross-origin\" allowfullscreen><\/iframe>\n<\/div><\/figure>\n\n\n\n<hr class=\"wp-block-separator has-alpha-channel-opacity\"\/>\n\n\n\n<h3 class=\"wp-block-heading alignwide has-text-align-center has-off-white-background-color has-background\">Question : <br>Peut-on remettre en place une filature au sec en Normandie? <\/h3>\n\n\n\n<pre class=\"wp-block-verse has-text-align-center has-dark-gray-color has-off-white-background-color has-text-color has-background has-medium-font-size\">De cette question, un champ de recherches s\u2019est fait jour, tant cette \u00e9ventualit\u00e9 recouvre de facettes \u00e0 \u00e9tudier.\n\n&#x1f33f; De ces questions, est n\u00e9e \n<strong>cette \u00e9tude, ouverte \u00e0 la lecture et \u00e0 son utilisation pour tous, <\/strong>\net bien s\u00fbr sujette \u00e0 modifications et enrichissements par toutes les personnes int\u00e9ress\u00e9es, au fil des avanc\u00e9es \u00e0 venir.<\/pre>\n\n\n\n<hr class=\"wp-block-separator has-alpha-channel-opacity\"\/>\n\n\n\n<h4 class=\"wp-block-heading has-text-align-center\">Pour t\u00e9l\u00e9charger l&rsquo;\u00e9tude, cliquer ci-dessous : <\/h4>\n\n\n\n<div data-wp-interactive=\"core\/file\" class=\"wp-block-file alignwide\"><object data-wp-bind--hidden=\"!state.hasPdfPreview\" hidden class=\"wp-block-file__embed\" data=\"https:\/\/linetchanvrebio.org\/wp-content\/uploads\/Rapport-Filature-version-du-26-10-23.pdf\" type=\"application\/pdf\" style=\"width:100%;height:600px\" aria-label=\"Contenu embarqu\u00e9 Rapport-Filature-version-du-26-10-23.\"><\/object><a id=\"wp-block-file--media-3e58390e-0519-4de8-9469-c23a71db7d75\" href=\"https:\/\/linetchanvrebio.org\/wp-content\/uploads\/Rapport-Filature-version-du-26-10-23.pdf\" target=\"_blank\" rel=\"noreferrer noopener\">Rapport-Filature-version-du-26-10-23<\/a><a href=\"https:\/\/linetchanvrebio.org\/wp-content\/uploads\/Rapport-Filature-version-du-26-10-23.pdf\" class=\"wp-block-file__button wp-element-button\" download aria-describedby=\"wp-block-file--media-3e58390e-0519-4de8-9469-c23a71db7d75\">T\u00e9l\u00e9charger<\/a><\/div>\n\n\n\n<div data-wp-interactive=\"core\/file\" class=\"wp-block-file alignwide\"><object data-wp-bind--hidden=\"!state.hasPdfPreview\" hidden class=\"wp-block-file__embed\" data=\"https:\/\/linetchanvrebio.org\/wp-content\/uploads\/ANNEXES-pour-diffusion-df.pdf\" type=\"application\/pdf\" style=\"width:100%;height:600px\" aria-label=\"Contenu embarqu\u00e9 ANNEXES-pour-diffusion-df.\"><\/object><a id=\"wp-block-file--media-90260f78-7327-4d07-9e39-a5fbb8415c80\" href=\"https:\/\/linetchanvrebio.org\/wp-content\/uploads\/ANNEXES-pour-diffusion-df.pdf\">ANNEXES-pour-diffusion-df<\/a><a href=\"https:\/\/linetchanvrebio.org\/wp-content\/uploads\/ANNEXES-pour-diffusion-df.pdf\" class=\"wp-block-file__button wp-element-button\" download aria-describedby=\"wp-block-file--media-90260f78-7327-4d07-9e39-a5fbb8415c80\">T\u00e9l\u00e9charger<\/a><\/div>\n\n\n\n<p><\/p>\n\n\n\n<p class=\"has-medium-font-size\"><strong>Bonne lecture.<br>Nina Giorgi pour LCBio<\/strong><\/p>\n","protected":false},"excerpt":{"rendered":"<p>La Normandie textile : un territoire de la mati\u00e8re premi\u00e8re jusqu&rsquo;au produit fini Depuis toujours, une passion : le textile Photo prise lors des Rencontres Lin et Chanvre Bio 2021. De gauche \u00e0 droite : Pierre Schmitt (Pr\u00e9sident du groupe Velcorex), Olivier Guillaume (Pr\u00e9sident de Safilin), Olivier Ducatillon (Dirigeant de l&rsquo;entreprise Lemaitre Demeestere et pr\u00e9sident &hellip; <a href=\"https:\/\/linetchanvrebio.org\/index.php\/reindustrialisation-dune-filature-au-sec-en-normandie\/\" class=\"more-link\">Continuer la lecture de <span class=\"screen-reader-text\">R\u00e9industrialisation d&rsquo;une filature au sec en Normandie<\/span> <span class=\"meta-nav\">&rarr;<\/span><\/a><\/p>\n","protected":false},"author":31,"featured_media":0,"parent":0,"menu_order":0,"comment_status":"closed","ping_status":"closed","template":"","meta":{"footnotes":""},"class_list":["post-68018","page","type-page","status-publish","hentry"],"_links":{"self":[{"href":"https:\/\/linetchanvrebio.org\/index.php\/wp-json\/wp\/v2\/pages\/68018","targetHints":{"allow":["GET"]}}],"collection":[{"href":"https:\/\/linetchanvrebio.org\/index.php\/wp-json\/wp\/v2\/pages"}],"about":[{"href":"https:\/\/linetchanvrebio.org\/index.php\/wp-json\/wp\/v2\/types\/page"}],"author":[{"embeddable":true,"href":"https:\/\/linetchanvrebio.org\/index.php\/wp-json\/wp\/v2\/users\/31"}],"replies":[{"embeddable":true,"href":"https:\/\/linetchanvrebio.org\/index.php\/wp-json\/wp\/v2\/comments?post=68018"}],"version-history":[{"count":16,"href":"https:\/\/linetchanvrebio.org\/index.php\/wp-json\/wp\/v2\/pages\/68018\/revisions"}],"predecessor-version":[{"id":68375,"href":"https:\/\/linetchanvrebio.org\/index.php\/wp-json\/wp\/v2\/pages\/68018\/revisions\/68375"}],"wp:attachment":[{"href":"https:\/\/linetchanvrebio.org\/index.php\/wp-json\/wp\/v2\/media?parent=68018"}],"curies":[{"name":"wp","href":"https:\/\/api.w.org\/{rel}","templated":true}]}}