{"id":22,"date":"2016-01-04T15:34:48","date_gmt":"2016-01-04T14:34:48","guid":{"rendered":"http:\/\/linetchanvrebio.org\/?page_id=22"},"modified":"2025-05-12T12:40:18","modified_gmt":"2025-05-12T11:40:18","slug":"la-production","status":"publish","type":"page","link":"https:\/\/linetchanvrebio.org\/index.php\/la-production\/","title":{"rendered":"LE LIN TEXTILE BIO"},"content":{"rendered":"<div class=\"wp-block-image\">\n<figure class=\"aligncenter size-large\"><img loading=\"lazy\" decoding=\"async\" width=\"1024\" height=\"675\" src=\"https:\/\/linetchanvrebio.org\/wp-content\/uploads\/surface-lin-bio-2024-1024x675.png\" alt=\"\" class=\"wp-image-68714\" srcset=\"https:\/\/linetchanvrebio.org\/wp-content\/uploads\/surface-lin-bio-2024-1024x675.png 1024w, https:\/\/linetchanvrebio.org\/wp-content\/uploads\/surface-lin-bio-2024-300x198.png 300w, https:\/\/linetchanvrebio.org\/wp-content\/uploads\/surface-lin-bio-2024-150x99.png 150w, https:\/\/linetchanvrebio.org\/wp-content\/uploads\/surface-lin-bio-2024-768x506.png 768w, https:\/\/linetchanvrebio.org\/wp-content\/uploads\/surface-lin-bio-2024-1536x1013.png 1536w, https:\/\/linetchanvrebio.org\/wp-content\/uploads\/surface-lin-bio-2024-2048x1351.png 2048w\" sizes=\"auto, (max-width: 1024px) 100vw, 1024px\" \/><\/figure><\/div>\n\n\n<p class=\"has-medium-font-size\"><mark style=\"background-color:rgba(0, 0, 0, 0);color:#cb881b\" class=\"has-inline-color\">EN 2024, LE LIN BIO TEXTILE EN FRANCE C&rsquo;EST :<\/mark><\/p>\n\n\n\n<ul class=\"wp-block-list\">\n<li><strong>1697 <\/strong>hectares de lin textile certifi\u00e9s \u00ab\u00a0agriculture biologique\u00a0\u00bb et en cours de conversion (2 ann\u00e9es transitoires avec une conduite AB, avant la certification) <em>(source : Minist\u00e8re de l&rsquo;Agriculture et de la souverainet\u00e9 alimentaire)<\/em>. <\/li>\n\n\n\n<li>des <strong>teilleurs<\/strong> et des filateurs certifi\u00e9s GOTS (Global Organic Textile Standard, voir info dans rubrique Fili\u00e8re lin Textile Bio)<\/li>\n<\/ul>\n\n\n\n<p class=\"has-medium-font-size\"><mark style=\"background-color:rgba(0, 0, 0, 0);color:#cb881b\" class=\"has-inline-color\">LA FILI\u00c8RE DU LIN BIOLOGIQUE SE D\u00c9VELOPPE<\/mark><\/p>\n\n\n\n<p>Le lin textile est cultiv\u00e9 en agriculture biologique depuis 2005, les premiers champs ont \u00e9t\u00e9 cultiv\u00e9s en Seine-et-Marne. Puis, d\u00e8s 2007, plusieurs agriculteurs de Seine-Maritime et de l&rsquo;Eure ont&nbsp; d\u00e9marr\u00e9 sa culture en bio.<\/p>\n\n\n\n<p>Les surfaces progressent et la maitrise technique de la culture se peaufine. La diffusion de cette exp\u00e9rience technique et&nbsp;et la valorisation \u00e9conomique de ce produit tr\u00e8s recherch\u00e9, s\u00e9duisent des agriculteurs biologiques ou les liniculteurs qui r\u00e9fl\u00e9chissent \u00e0 leur conversion en agriculture biologique, comme en t\u00e9moigne la participation aux r\u00e9unions techniques organis\u00e9es par LCBio chaque hiver.<\/p>\n\n\n\n<p class=\"has-medium-font-size\"><mark style=\"background-color:rgba(0, 0, 0, 0);color:#cb881b\" class=\"has-inline-color\">LE LIN TEXTILE BIOLOGIQUE : UN LEVIER \u00c0 LA CONVERSION BIO<\/mark><\/p>\n\n\n\n<p class=\"has-text-align-left\">A l&rsquo;instar du bl\u00e9, du colza ou des betteraves sucri\u00e8re, le lin est une culture industrielle tr\u00e8s pr\u00e9sente dans les assolements traditionnels. Le lin textile est tr\u00e8s ancr\u00e9 dans ses territoires, gr\u00e2ce \u00e0 l&rsquo;implantation locale des teillages. D\u00e9sormais viable en agriculture biologique, la fili\u00e8re permet aux agriculteurs de mieux envisager la conversion de leur syst\u00e8me en conservant cette culture.<\/p>\n\n\n\n<p class=\"has-medium-font-size\"><mark style=\"background-color:rgba(0, 0, 0, 0);color:#cb881b\" class=\"has-inline-color\">LES FILATEURS ONT BESOIN DE MATI\u00c8RES PREMI\u00c8RES<\/mark><\/p>\n\n\n\n<p>Leur savoir-faire est de m\u00e9langer les lots de filasse de lin pour obtenir la qualit\u00e9 de fil recherch\u00e9e. En augmentant la production, cela leur permet d&rsquo;agrandir leurs gammes de fil et de s\u00e9curiser la qualit\u00e9.<\/p>\n\n\n\n<p>Par ailleurs, des initiatives sont de plus en plus nombreuses pour que le lin bio, fibre textile \u00e9cologique par excellence, soit transform\u00e9 et donc valoris\u00e9 dans des circuits les plus \u00ab\u00a0courts\u00a0\u00bb possibles. Autrement dit, que les \u00e9tapes de transformation textile (filature, tissage, &#8230;) soient r\u00e9alis\u00e9es en Europe voire en France. <a href=\"https:\/\/linetchanvrebio.org\/index.php\/filiere-lin-textile\/\">Le lin bio prend sa place dans la fili\u00e8re du lin textile.<\/a><\/p>\n\n\n\n<p class=\"has-medium-font-size\"><mark style=\"background-color:rgba(0, 0, 0, 0);color:#cb881b\" class=\"has-inline-color\">LA CULTURE DU LIN BIO : TECHNIQUE ET SAVOIR-FAIRE<\/mark><\/p>\n\n\n\n<p>R\u00e9partis sur la Seine-et-Marne, la Seine-Maritime, l\u2019Eure, le Calvados et les Hauts-de-France, et d\u00e9sormais la Bretagne, tous certifi\u00e9s en agriculture biologique, les producteurs cultivent le lin textile et toutes les cultures de leur exploitation&nbsp;sans pesticides ni engrais de synth\u00e8se. La qualit\u00e9 de la fibre commence dans les champs, et \u00e0 chaque ann\u00e9e son mill\u00e9sime.<\/p>\n\n\n\n<p>Retrouvez les t\u00e9moignages de 4 liniculteurs bio : leurs parcours, leurs itin\u00e9raires techniques, les difficult\u00e9s auxquels ils ont fait face et leurs diff\u00e9rents essais pour toujours progresser en qualit\u00e9 !<\/p>\n\n\n\n<div class=\"wp-block-buttons is-content-justification-center is-layout-flex wp-container-core-buttons-is-layout-16018d1d wp-block-buttons-is-layout-flex\">\n<div class=\"wp-block-button\"><a class=\"wp-block-button__link wp-element-button\" href=\"https:\/\/linetchanvrebio.org\/wp-content\/uploads\/maquette-fiche-portrait-Sebastien.pdf\">     S\u00e9bastien D\u00e9pr\u00e9s et son lin bio d&rsquo;hiver &#8211; Octeville-sur-Mer (76)    <\/a><\/div>\n<\/div>\n\n\n\n<p><\/p>\n\n\n\n<div class=\"wp-block-buttons wp-embed-aspect-16-9 wp-has-aspect-ratio is-content-justification-center is-layout-flex wp-container-core-buttons-is-layout-16018d1d wp-block-buttons-is-layout-flex\">\n<div class=\"wp-block-button\"><a class=\"wp-block-button__link wp-element-button\" href=\"https:\/\/linetchanvrebio.org\/wp-content\/uploads\/Portrait-Guillaume-Roussel.pdf\">Guillaume Roussel Lin bio dans les Hauts de France- Hiermont (62)<\/a><\/div>\n<\/div>\n\n\n\n<p><\/p>\n\n\n\n<div class=\"wp-block-buttons is-content-justification-center is-layout-flex wp-container-core-buttons-is-layout-16018d1d wp-block-buttons-is-layout-flex\">\n<div class=\"wp-block-button\"><a class=\"wp-block-button__link wp-element-button\" href=\"https:\/\/linetchanvrebio.org\/wp-content\/uploads\/Portrait-Franck-Durocher-1.pdf\">      Franck Durocher Lin bio dans la plaine de Caen &#8211; Creully (14)      <\/a><\/div>\n<\/div>\n\n\n\n<p><\/p>\n\n\n\n<div class=\"wp-block-buttons is-content-justification-center is-layout-flex wp-container-core-buttons-is-layout-16018d1d wp-block-buttons-is-layout-flex\">\n<div class=\"wp-block-button\"><a class=\"wp-block-button__link has-text-align-center wp-element-button\" href=\"https:\/\/linetchanvrebio.org\/wp-content\/uploads\/maquette-fiche-portrait-Joris.pdf\">             Joris Soenen Lin bio dans l&rsquo;Eure &#8211; Le Bec Thomas (27)           <\/a><\/div>\n<\/div>\n\n\n\n<p><\/p>\n\n\n\n<p>Pour plus d&rsquo;informations sur l&rsquo;itin\u00e9raire technique, visionnez notre vid\u00e9o ci-dessous qui pr\u00e9sente les cl\u00e9s de r\u00e9ussite du lin textile bio, pour une version courte consultez notre <a href=\"https:\/\/linetchanvrebio.org\/wp-content\/uploads\/Fiche-technique-lin-textile_LCBio_2023.pdf\">fiche technique lin\u00a0<\/a> !<\/p>\n\n\n\n<figure class=\"wp-block-embed is-type-video is-provider-youtube wp-block-embed-youtube wp-embed-aspect-16-9 wp-has-aspect-ratio\"><div class=\"wp-block-embed__wrapper\">\n<iframe loading=\"lazy\" title=\"Itin\u00e9raire technique du lin textile en Agriculture Biologique\" width=\"604\" height=\"340\" src=\"https:\/\/www.youtube.com\/embed\/CHydS0saUuA?feature=oembed\" frameborder=\"0\" allow=\"accelerometer; autoplay; clipboard-write; encrypted-media; gyroscope; picture-in-picture; web-share\" referrerpolicy=\"strict-origin-when-cross-origin\" allowfullscreen><\/iframe>\n<\/div><\/figure>\n\n\n\n<p>Pour des informations plus compl\u00e8tes, consultez notre <a href=\"https:\/\/linetchanvrebio.org\/wp-content\/uploads\/Guide-technique-Lin-fibre-de-printemps-BIO-2025.pdf\">GUIDE TECHNIQUE LIN BIO 2025!<\/a><\/p>\n\n\n\n<p>Deux agriculteurs bio pr\u00e9sentent un itin\u00e9raire technique sur la vid\u00e9o ci-dessous :<\/p>\n\n\n\n<ul class=\"wp-block-list\">\n<li>Quel couvert v\u00e9g\u00e9tal avant lin ?<\/li>\n\n\n\n<li>Quel travail du sol ?<\/li>\n\n\n\n<li>Comment semer dans de bonnes conditions ?<\/li>\n\n\n\n<li>Quels outils si besoin pour d\u00e9sherber m\u00e9caniquement ?<\/li>\n\n\n\n<li>Retour sur les exp\u00e9riences d&rsquo;agriculteurs.<\/li>\n<\/ul>\n\n\n\n<p>Certains agriculteurs testent le lin d&rsquo;hiver bio depuis 2022. Une fiche technique est pr\u00e9vue prochainement !<\/p>\n\n\n\n<div class=\"wp-block-columns is-layout-flex wp-container-core-columns-is-layout-9d6595d7 wp-block-columns-is-layout-flex\">\n<div class=\"wp-block-column is-layout-flow wp-block-column-is-layout-flow\" style=\"flex-basis:100%\">\n<div class=\"wp-block-group\"><div class=\"wp-block-group__inner-container is-layout-flow wp-block-group-is-layout-flow\">\n<figure class=\"wp-block-embed aligncenter is-type-rich is-provider-prise-en-charge-des-contenus-embarqu-s wp-block-embed-prise-en-charge-des-contenus-embarqu-s wp-embed-aspect-16-9 wp-has-aspect-ratio\"><div class=\"wp-block-embed__wrapper\">\n<iframe loading=\"lazy\" title=\"Comment cultiver du lin textile en agriculture biologique ?\" width=\"604\" height=\"340\" src=\"https:\/\/www.youtube.com\/embed\/YF3pxjmSLmk?feature=oembed\" frameborder=\"0\" allow=\"accelerometer; autoplay; clipboard-write; encrypted-media; gyroscope; picture-in-picture; web-share\" referrerpolicy=\"strict-origin-when-cross-origin\" allowfullscreen><\/iframe>\n<\/div><\/figure>\n<\/div><\/div>\n<\/div>\n<\/div>\n","protected":false},"excerpt":{"rendered":"<p>EN 2024, LE LIN BIO TEXTILE EN FRANCE C&rsquo;EST : LA FILI\u00c8RE DU LIN BIOLOGIQUE SE D\u00c9VELOPPE Le lin textile est cultiv\u00e9 en agriculture biologique depuis 2005, les premiers champs ont \u00e9t\u00e9 cultiv\u00e9s en Seine-et-Marne. Puis, d\u00e8s 2007, plusieurs agriculteurs de Seine-Maritime et de l&rsquo;Eure ont&nbsp; d\u00e9marr\u00e9 sa culture en bio. Les surfaces progressent et &hellip; <a href=\"https:\/\/linetchanvrebio.org\/index.php\/la-production\/\" class=\"more-link\">Continuer la lecture de <span class=\"screen-reader-text\">LE LIN TEXTILE BIO<\/span> <span class=\"meta-nav\">&rarr;<\/span><\/a><\/p>\n","protected":false},"author":31,"featured_media":0,"parent":0,"menu_order":0,"comment_status":"closed","ping_status":"closed","template":"","meta":{"footnotes":""},"class_list":["post-22","page","type-page","status-publish","hentry"],"_links":{"self":[{"href":"https:\/\/linetchanvrebio.org\/index.php\/wp-json\/wp\/v2\/pages\/22","targetHints":{"allow":["GET"]}}],"collection":[{"href":"https:\/\/linetchanvrebio.org\/index.php\/wp-json\/wp\/v2\/pages"}],"about":[{"href":"https:\/\/linetchanvrebio.org\/index.php\/wp-json\/wp\/v2\/types\/page"}],"author":[{"embeddable":true,"href":"https:\/\/linetchanvrebio.org\/index.php\/wp-json\/wp\/v2\/users\/31"}],"replies":[{"embeddable":true,"href":"https:\/\/linetchanvrebio.org\/index.php\/wp-json\/wp\/v2\/comments?post=22"}],"version-history":[{"count":42,"href":"https:\/\/linetchanvrebio.org\/index.php\/wp-json\/wp\/v2\/pages\/22\/revisions"}],"predecessor-version":[{"id":68878,"href":"https:\/\/linetchanvrebio.org\/index.php\/wp-json\/wp\/v2\/pages\/22\/revisions\/68878"}],"wp:attachment":[{"href":"https:\/\/linetchanvrebio.org\/index.php\/wp-json\/wp\/v2\/media?parent=22"}],"curies":[{"name":"wp","href":"https:\/\/api.w.org\/{rel}","templated":true}]}}