{"id":2034,"date":"2020-12-14T13:02:38","date_gmt":"2020-12-14T12:02:38","guid":{"rendered":"https:\/\/linetchanvrebio.org\/?page_id=2034"},"modified":"2026-02-27T11:32:34","modified_gmt":"2026-02-27T10:32:34","slug":"nos-videos","status":"publish","type":"page","link":"https:\/\/linetchanvrebio.org\/index.php\/nos-videos\/","title":{"rendered":"Toutes nos vid\u00e9os explicatives"},"content":{"rendered":"\n<blockquote class=\"wp-block-quote has-text-align-center is-layout-flow wp-block-quote-is-layout-flow\">\n<p><a href=\"#videos_chanvre\" data-type=\"internal\" data-id=\"#videos_chanvre\"><span style=\"color:#496d3b\" class=\"has-inline-color\">Vid\u00e9os chanvre<\/span><\/a><br><a href=\"#videos_lin\" data-type=\"internal\" data-id=\"#videos_lin\"><span style=\"color:#96aee4\" class=\"has-inline-color\">Vid\u00e9os Lin <\/span><\/a><br><a href=\"#acteurs_filiere\" data-type=\"internal\" data-id=\"#acteurs_filiere\"><span style=\"color:#cb881b\" class=\"has-inline-color\">Du champ au v\u00eatement<\/span><\/a><br><a href=\"#table_ronde\" data-type=\"internal\" data-id=\"#table_ronde\"><span style=\"color:#cb881b\" class=\"has-inline-color\">Table ronde<\/span><\/a><\/p>\n<\/blockquote>\n\n\n\n<hr class=\"wp-block-separator has-text-color has-background is-style-dots\" style=\"background-color:#96aee4;color:#96aee4\" id=\"videos_chanvre\"\/>\n\n\n\n\n\n<p class=\"wp-embed-aspect-16-9 wp-has-aspect-ratio\" style=\"font-size:18px\"><br><\/p>\n\n\n\n<section id=\"section-afd42d5a-e820-4e1f-bd78-8a62d0cd85c8\" class=\"wp-block-gutentor-divider section-afd42d5a-e820-4e1f-bd78-8a62d0cd85c8 gutentor-element gutentor-section gutentor-divider text-center\"><div class=\"grid-container\"><div class=\"gutentor-divider-box\"><span><svg xmlns=\"http:\/\/www.w3.org\/2000\/svg\" viewBox=\"0 0 240 40\" preserveAspectRatio=\"none\"><path d=\"M56.2 20c5.3-.1 10.6-.2 16-.3l16-.2c10.6-.1 21.3-.1 31.9-.2 10.6.1 21.3 0 31.9.1l16 .2c5.3.1 10.6.2 16 .3-5.3.1-10.6.2-16 .3l-16 .2c-10.6.1-21.3.1-31.9.1-10.6-.1-21.3 0-31.9-.2l-16-.2c-5.4.1-10.7 0-16-.1z\"><\/path><\/svg><\/span><\/div><\/div><\/section>\n\n\n\n<p class=\"wp-embed-aspect-16-9 wp-has-aspect-ratio\" style=\"font-size:18px\"><mark style=\"background-color:rgba(0, 0, 0, 0);color:#cb881b\" class=\"has-inline-color\"><strong>Le chanvre textile, une fili\u00e8re en devenir<\/strong> &#8211; La faucheuse automotrice unique au monde et con\u00e7ue collectivement.<\/mark><\/p>\n\n\n\n<figure class=\"wp-block-embed is-type-video is-provider-youtube wp-block-embed-youtube wp-embed-aspect-16-9 wp-has-aspect-ratio\"><div class=\"wp-block-embed__wrapper\">\n<iframe loading=\"lazy\" title=\"Hyler Sativa 200 la faucheuse pour le chanvre textile\" width=\"604\" height=\"340\" src=\"https:\/\/www.youtube.com\/embed\/aaprxYsR18A?feature=oembed\" frameborder=\"0\" allow=\"accelerometer; autoplay; clipboard-write; encrypted-media; gyroscope; picture-in-picture; web-share\" referrerpolicy=\"strict-origin-when-cross-origin\" allowfullscreen><\/iframe>\n<\/div><\/figure>\n\n\n\n<hr class=\"wp-block-separator has-text-color has-background is-style-dots\" style=\"background-color:#96aee4;color:#96aee4\" id=\"videos_chanvre\"\/>\n\n\n\n<section id=\"section-d267df8a-2adf-4d58-8960-3656aaebeb73\" class=\"wp-block-gutentor-divider section-d267df8a-2adf-4d58-8960-3656aaebeb73 gutentor-element gutentor-section gutentor-divider text-center\"><div class=\"grid-container\"><div class=\"gutentor-divider-box\"><span><svg xmlns=\"http:\/\/www.w3.org\/2000\/svg\" viewBox=\"0 0 240 40\" preserveAspectRatio=\"none\"><path d=\"M56.2 20c5.3-.1 10.6-.2 16-.3l16-.2c10.6-.1 21.3-.1 31.9-.2 10.6.1 21.3 0 31.9.1l16 .2c5.3.1 10.6.2 16 .3-5.3.1-10.6.2-16 .3l-16 .2c-10.6.1-21.3.1-31.9.1-10.6-.1-21.3 0-31.9-.2l-16-.2c-5.4.1-10.7 0-16-.1z\"><\/path><\/svg><\/span><\/div><\/div><\/section>\n\n\n\n<p style=\"font-size:18px\"><mark style=\"background-color:rgba(0, 0, 0, 0);color:#cb881b\" class=\"has-inline-color\"><strong>Coop\u00e9rative de teillage du plateau du Neubourg<\/strong> &#8211; Teillage de chanvre<\/mark><\/p>\n\n\n\n<figure class=\"wp-block-embed is-type-video is-provider-youtube wp-block-embed-youtube wp-embed-aspect-16-9 wp-has-aspect-ratio\"><div class=\"wp-block-embed__wrapper\">\n<iframe loading=\"lazy\" title=\"Pr\u00e9sentation teillage de chanvre - Coop\u00e9rative de teillage du plateau du Neubourg - CTLN\" width=\"604\" height=\"340\" src=\"https:\/\/www.youtube.com\/embed\/CSqqnOced_M?feature=oembed\" frameborder=\"0\" allow=\"accelerometer; autoplay; clipboard-write; encrypted-media; gyroscope; picture-in-picture; web-share\" referrerpolicy=\"strict-origin-when-cross-origin\" allowfullscreen><\/iframe>\n<\/div><\/figure>\n\n\n\n<p>Depuis 2020, la coop\u00e9rative de teillage du plateau du Neubourg \u00e0 participe aux essais chanvre de l&rsquo;association \u00ab\u00a0Lin et Chanvre Bio\u00a0\u00bb<\/p>\n\n\n\n<hr class=\"wp-block-separator has-text-color has-background is-style-dots\" style=\"background-color:#96aee4;color:#96aee4\" id=\"videos_chanvre\"\/>\n\n\n\n<p class=\"has-medium-font-size\"><mark style=\"background-color:rgba(0, 0, 0, 0);color:#cb881b\" class=\"has-inline-color\"><strong>Jacques FOLLET &#8211; <\/strong>Pr\u00e9sident de l&rsquo;association Lin et Chanvre Bio<\/mark><\/p>\n\n\n\n<figure class=\"wp-block-embed is-type-video is-provider-youtube wp-block-embed-youtube wp-embed-aspect-16-9 wp-has-aspect-ratio\"><div class=\"wp-block-embed__wrapper\">\n<iframe loading=\"lazy\" title=\"FIBRES LONGUES - CIRCUIT COURT - Jacques FOLLET\" width=\"604\" height=\"340\" src=\"https:\/\/www.youtube.com\/embed\/91E3qppkli4?start=2&#038;feature=oembed\" frameborder=\"0\" allow=\"accelerometer; autoplay; clipboard-write; encrypted-media; gyroscope; picture-in-picture; web-share\" referrerpolicy=\"strict-origin-when-cross-origin\" allowfullscreen><\/iframe>\n<\/div><\/figure>\n\n\n\n<p>Agriculteur retrait\u00e9, Jacques a la passion des vaches mais aussi du bl\u00e9 et du lin. Jacques est un passionn\u00e9 !<br>Quand il d\u00e9cide de convertir sa ferme en bio avec sa femme et sa fille, il ne veut pas \u00ab&nbsp;l\u00e2cher&nbsp;\u00bb le lin et aimerait qu\u2019il soit valoris\u00e9 en agriculture biologique.<br>Jacques est aujourd&rsquo;hui pr\u00e9sident de l&rsquo;association Lin et Chanvre Bio. Ce n&rsquo;est pas sa premi\u00e8re initiative d\u2019association et de d\u00e9veloppement de fili\u00e8re&nbsp;: D\u00e9fis Ruraux, le Pain normand&#8230; Etc.<br>Comme il le dit si bien \u00ab&nbsp;les plan\u00e8tes sont align\u00e9es, faut y aller&nbsp;! \u00bb. Des liniculteurs bio motiv\u00e9s, un teilleur, un filateur, un tisseur, une styliste \u00e9taient autour de la table en 2013. L\u2019aventure LCBio commence&nbsp;!<\/p>\n\n\n\n<hr class=\"wp-block-separator has-text-color has-css-opacity has-background is-style-dots\" style=\"background-color:#96aee4;color:#96aee4\"\/>\n\n\n\n<p class=\"has-medium-font-size\"><strong><span style=\"color:#496d3b\" class=\"has-inline-color\">Pierre AMADIEU &#8211; <\/span><\/strong><span style=\"color:#496d3b\" class=\"has-inline-color\">Chanvrier<\/span><\/p>\n\n\n\n<figure class=\"wp-block-embed is-type-video is-provider-youtube wp-block-embed-youtube wp-embed-aspect-16-9 wp-has-aspect-ratio\"><div class=\"wp-block-embed__wrapper\">\n<iframe loading=\"lazy\" title=\"FIBRES LONGUES - CIRCUIT COURT - Pierre AMADIEU\" width=\"604\" height=\"340\" src=\"https:\/\/www.youtube.com\/embed\/IcXBSQrlUV8?start=31&#038;feature=oembed\" frameborder=\"0\" allow=\"accelerometer; autoplay; clipboard-write; encrypted-media; gyroscope; picture-in-picture; web-share\" referrerpolicy=\"strict-origin-when-cross-origin\" allowfullscreen><\/iframe>\n<\/div><\/figure>\n\n\n\n<p>Voil\u00e0 20 ans maintenant que Pierre Amadieu exerce le beau m\u00e9tier de chanvrier Bio. D&rsquo;abord paysan dans le Lot, il s&rsquo;investit ensuite dans le d\u00e9veloppement de solutions pour la transformation des pailles de chanvre. En 2020 avec sa soci\u00e9t\u00e9 Hemp-Act, il construit une ligne de d\u00e9fibrage pilote qui va extraire la valeur textile des fibres de chanvre et permettre ainsi de relancer des fili\u00e8res chanvre bio textile, un peu partout en France.<\/p>\n\n\n\n<hr class=\"wp-block-separator has-text-color has-css-opacity has-background is-style-dots\" style=\"background-color:#96aee4;color:#96aee4\"\/>\n\n\n\n<p class=\"has-medium-font-size\"><strong><span style=\"color:#496d3b\" class=\"has-inline-color\">Henri POMIKAL &#8211; <\/span><\/strong><span style=\"color:#496d3b\" class=\"has-inline-color\">Chanvrier<\/span> <span style=\"color:#96aee4\" class=\"has-inline-color\">Liniculteur<\/span><\/p>\n\n\n\n<figure class=\"wp-block-embed is-type-video is-provider-youtube wp-block-embed-youtube wp-embed-aspect-16-9 wp-has-aspect-ratio\"><div class=\"wp-block-embed__wrapper\">\n<iframe loading=\"lazy\" title=\"FIBRES LONGUES - CIRCUIT COURT - Henri POMIKAL\" width=\"604\" height=\"340\" src=\"https:\/\/www.youtube.com\/embed\/NffNDRHzyBw?start=6&#038;feature=oembed\" frameborder=\"0\" allow=\"accelerometer; autoplay; clipboard-write; encrypted-media; gyroscope; picture-in-picture; web-share\" referrerpolicy=\"strict-origin-when-cross-origin\" allowfullscreen><\/iframe>\n<\/div><\/figure>\n\n\n\n<p>Agriculteur, longtemps pr\u00e9sident de la coop\u00e9rative de teillage de Villons les Buissons, le lin n\u2019a pas beaucoup de secrets pour Henri POMIKAL. Alors que les agriculteurs de la Plaine de Caen r\u00e9fl\u00e9chissent \u00e0 de nouvelles productions, Henri rencontre Nathalie REVOL, charg\u00e9e de mission chanvre \u00e0 Lin et Chanvre Bio. Convaincu de l\u2019avenir du chanvre et de sa compl\u00e9mentarit\u00e9 avec le lin, Henri POMIKAL travaille ardemment \u00e0 la recherche et au d\u00e9veloppement du chanvre textile sur le mod\u00e8le industriel du lin, en partenariat avec l&rsquo;association.<\/p>\n\n\n\n<hr class=\"wp-block-separator has-text-color has-background is-style-dots\" style=\"background-color:#96aee4;color:#96aee4\" id=\"videos_lin\"\/>\n\n\n\n<p class=\"wp-embed-aspect-16-9 wp-has-aspect-ratio\" style=\"font-size:18px\"><mark style=\"background-color:rgba(0, 0, 0, 0);color:#cb881b\" class=\"has-inline-color\"><strong>Comment cultiver du lin textile en agriculture biologique ? <\/strong> &#8211; <\/mark><\/p>\n\n\n\n<p class=\"wp-embed-aspect-16-9 wp-has-aspect-ratio\" style=\"font-size:18px\"><strong><mark style=\"background-color:rgba(0, 0, 0, 0)\" class=\"has-inline-color has-medium-brown-color\">Deux agriculteurs bio pr\u00e9sentent un itin\u00e9raire technique de lin textile bio, avec des conseils pour celles et ceux qui voudraient se lancer ou s&rsquo;am\u00e9liorer dans la culture du lin textile bio. <br><\/mark><\/strong><mark style=\"background-color:rgba(0, 0, 0, 0)\" class=\"has-inline-color has-medium-brown-color\">Quel couvert v\u00e9g\u00e9tal avant le lin ? <\/mark><br><mark style=\"background-color:rgba(0, 0, 0, 0)\" class=\"has-inline-color has-medium-brown-color\">Quel travail du sol ? <br>Comment semer dans de bonnes conditions ? <br>Quels outils si besoin pour d\u00e9sherber m\u00e9caniquement ? <br>Retour sur les exp\u00e9riences d\u2019agriculteurs<\/mark>.<br><\/p>\n\n\n\n<figure class=\"wp-block-embed is-type-rich is-provider-prise-en-charge-des-contenus-embarques wp-block-embed-prise-en-charge-des-contenus-embarques wp-embed-aspect-16-9 wp-has-aspect-ratio\"><div class=\"wp-block-embed__wrapper\">\n<iframe loading=\"lazy\" title=\"Comment cultiver du lin textile en agriculture biologique ?\" width=\"604\" height=\"340\" src=\"https:\/\/www.youtube.com\/embed\/YF3pxjmSLmk?feature=oembed\" frameborder=\"0\" allow=\"accelerometer; autoplay; clipboard-write; encrypted-media; gyroscope; picture-in-picture; web-share\" referrerpolicy=\"strict-origin-when-cross-origin\" allowfullscreen><\/iframe>\n<\/div><\/figure>\n\n\n\n<p>Tournage en 2020 <\/p>\n\n\n\n<p>Avec la participation de Mathieu Grenier et Olivier Rousseau, agriculteurs bio en Seine-Maritime (76) et Seine et Marne (77)<br>Sc\u00e9nario et images : B\u00e9n\u00e9dicte et Elie Lapierre<br> Montage par Christophe Dehondt <br>Soutien financier : Minist\u00e8re de l\u2019Agriculture et de l\u2019Alimentation dans le cadre du programme Animation de l\u2019agriculture biologique.<\/p>\n\n\n\n<p class=\"has-medium-font-size\"><strong><span style=\"color:#96aee4\" class=\"has-inline-color\">Joris SOENEN &#8211; <\/span><\/strong><span style=\"color:#96aee4\" class=\"has-inline-color\">Liniculteur bio<\/span><\/p>\n\n\n\n<figure class=\"wp-block-embed is-type-video is-provider-youtube wp-block-embed-youtube wp-embed-aspect-16-9 wp-has-aspect-ratio\"><div class=\"wp-block-embed__wrapper\">\n<iframe loading=\"lazy\" title=\"FIBRES LONGUES - CIRCUIT COURT - Joris SOENEN\" width=\"604\" height=\"340\" src=\"https:\/\/www.youtube.com\/embed\/eUo5Bms4vvc?start=1&#038;feature=oembed\" frameborder=\"0\" allow=\"accelerometer; autoplay; clipboard-write; encrypted-media; gyroscope; picture-in-picture; web-share\" referrerpolicy=\"strict-origin-when-cross-origin\" allowfullscreen><\/iframe>\n<\/div><\/figure>\n\n\n\n<p>JORIS SOENEN est agriculteur en Normandie au Bec Thomas avec ses parents Nad\u00e8ge et Emmanuel. La technique et le savoir-faire se transmettent sur cette ferme en bio depuis 20 ans. Eleveur et producteur de lait bio, il cultive chaque ann\u00e9e une dizaine d&rsquo;hectares de lin fibre bio, qui s&rsquo;intercale avec les c\u00e9r\u00e9ales et les cultures fourrag\u00e8res.<\/p>\n\n\n\n<hr class=\"wp-block-separator has-text-color has-background is-style-dots\" style=\"background-color:#96aee4;color:#96aee4\" id=\"acteurs_filiere\"\/>\n\n\n\n<p class=\"has-medium-font-size\"><mark style=\"background-color:rgba(0, 0, 0, 0);color:#cb881b\" class=\"has-inline-color\"><strong>Raymond LIBEERT &#8211; <\/strong>Dirigeant de la soci\u00e9t\u00e9 de tissage LIBECO<\/mark><\/p>\n\n\n\n<figure class=\"wp-block-embed is-type-video is-provider-youtube wp-block-embed-youtube wp-embed-aspect-16-9 wp-has-aspect-ratio\"><div class=\"wp-block-embed__wrapper\">\n<iframe loading=\"lazy\" title=\"FIBRES LONGUES - CIRCUIT COURT - Raymond LIBEERT\" width=\"604\" height=\"340\" src=\"https:\/\/www.youtube.com\/embed\/mufBkEZU1xI?start=1&#038;feature=oembed\" frameborder=\"0\" allow=\"accelerometer; autoplay; clipboard-write; encrypted-media; gyroscope; picture-in-picture; web-share\" referrerpolicy=\"strict-origin-when-cross-origin\" allowfullscreen><\/iframe>\n<\/div><\/figure>\n\n\n\n<p>Raymond LIBEERT travaille au c\u00f4t\u00e9 de l&rsquo;association Lin et Chanvre Bio depuis sa cr\u00e9ation. Directeur G\u00e9n\u00e9ral de LIBECO, Raymond est un ambassadeur de la fibre de lin bio mais \u00e9galement du chanvre textile, certain de la compl\u00e9mentarit\u00e9 de toutes fibres naturelles.<br>LIBECO a d\u2019ailleurs tiss\u00e9 la 1\u00e8re&nbsp;\u00e9tole de lin bio et le tablier en lin bio de l\u2019association.<\/p>\n\n\n\n<hr class=\"wp-block-separator has-text-color has-css-opacity has-background is-style-dots\" style=\"background-color:#96aee4;color:#96aee4\"\/>\n\n\n\n<p class=\"has-medium-font-size\"><mark style=\"background-color:rgba(0, 0, 0, 0);color:#cb881b\" class=\"has-inline-color\"><strong>Christian DIDIER &#8211; <\/strong>Dirigeant de la soci\u00e9t\u00e9 de tissage EMMANUEL LANG<\/mark><\/p>\n\n\n\n<figure class=\"wp-block-embed is-type-video is-provider-youtube wp-block-embed-youtube wp-embed-aspect-16-9 wp-has-aspect-ratio\"><div class=\"wp-block-embed__wrapper\">\n<iframe loading=\"lazy\" title=\"FIBRES LONGUES - CIRCUIT COURT - Christian DIDIER\" width=\"604\" height=\"340\" src=\"https:\/\/www.youtube.com\/embed\/ZQa23xGziOA?start=27&#038;feature=oembed\" frameborder=\"0\" allow=\"accelerometer; autoplay; clipboard-write; encrypted-media; gyroscope; picture-in-picture; web-share\" referrerpolicy=\"strict-origin-when-cross-origin\" allowfullscreen><\/iframe>\n<\/div><\/figure>\n\n\n\n<p>Directeur du tissage Emanuel Lang , Christian Didier a mis en route en Alsace avec Pierre Schmitt d\u00e9but 2020 la premi\u00e8re filature fran\u00e7aise de lin, filature au sec. Christian Didier participe \u00e9galement \u00e0 l\u2019aventure du chanvre. Il tisse le fil de chanvre obtenu \u00e0 partir des essais de LCBio. Partenaire incontournable, il suit fid\u00e8lement l&rsquo;association et ce, malgr\u00e9 l\u2019\u00e9loignement avec la Normandie du lin&nbsp;!<\/p>\n\n\n\n<hr class=\"wp-block-separator has-text-color has-css-opacity has-background is-style-dots\" style=\"background-color:#96aee4;color:#96aee4\"\/>\n\n\n\n<p class=\"has-medium-font-size\"><mark style=\"background-color:rgba(0, 0, 0, 0);color:#cb881b\" class=\"has-inline-color\"><strong>Paul Boyer &#8211; <\/strong>Directeur de la SCIC LINportant<\/mark><\/p>\n\n\n\n<figure class=\"wp-block-embed is-type-video is-provider-youtube wp-block-embed-youtube wp-embed-aspect-16-9 wp-has-aspect-ratio\"><div class=\"wp-block-embed__wrapper\">\n<iframe loading=\"lazy\" title=\"FIBRES LONGUES - CIRCUIT COURT - Paul BOYER\" width=\"604\" height=\"340\" src=\"https:\/\/www.youtube.com\/embed\/XlWvLVYpiiA?start=37&#038;feature=oembed\" frameborder=\"0\" allow=\"accelerometer; autoplay; clipboard-write; encrypted-media; gyroscope; picture-in-picture; web-share\" referrerpolicy=\"strict-origin-when-cross-origin\" allowfullscreen><\/iframe>\n<\/div><\/figure>\n\n\n\n<p>Normand de coeur, Paul BOYER \u00ab en pince \u00bb pour le lin et dirige LINportant, coop\u00e9rative de tricotage et confection de T-shirts pr\u00e8s&nbsp;de Caen. La fili\u00e8re lin textile, depuis ses voisins liniculteurs jusqu\u2019aux marques et distributeurs, le passionne. Ce pionnier de la mode \u00e9thique en France, engag\u00e9 et militant, veut r\u00e9aliser ce r\u00eave \u00ab mettre sur la peau de ceux et celles qui nous sont les plus ch\u00e8res, des v\u00eatements sains et vertueux \u00bb<\/p>\n\n\n\n<hr class=\"wp-block-separator has-text-color has-css-opacity has-background is-style-dots\" style=\"background-color:#96aee4;color:#96aee4\"\/>\n\n\n\n<p class=\"has-medium-font-size\"><mark style=\"background-color:rgba(0, 0, 0, 0);color:#cb881b\" class=\"has-inline-color\"><strong>Jean-Charles TCHAKIRIAN &#8211; <\/strong>Fondateur de la marque Le Gaulois<\/mark><\/p>\n\n\n\n<figure class=\"wp-block-embed is-type-video is-provider-youtube wp-block-embed-youtube wp-embed-aspect-16-9 wp-has-aspect-ratio\"><div class=\"wp-block-embed__wrapper\">\n<iframe loading=\"lazy\" title=\"FIBRES LONGUES - CIRCUIT COURT - Jean-Charles TCHAKIRIAN\" width=\"604\" height=\"340\" src=\"https:\/\/www.youtube.com\/embed\/c3jbIvx2ns8?start=127&#038;feature=oembed\" frameborder=\"0\" allow=\"accelerometer; autoplay; clipboard-write; encrypted-media; gyroscope; picture-in-picture; web-share\" referrerpolicy=\"strict-origin-when-cross-origin\" allowfullscreen><\/iframe>\n<\/div><\/figure>\n\n\n\n<p>Nous avons eu la chance de rencontrer Jean-Charles TCHAKIRIAN&nbsp;lors des rencontres interprofessionnelles de l&rsquo;association en 2019. Jean-Charles et sa famille fabriquent des jeans depuis 1974. Aujourd&rsquo;hui \u00e0 la t\u00eate de l&rsquo;entreprise&nbsp;Le Gaulois&nbsp;<a href=\"https:\/\/www.instagram.com\/legauloisjeans\/\">@legauloisjeans<\/a>&nbsp;, cet entrepreneur passionn\u00e9 lance en 2019 une campagne de financement avec des jeans 100% lin de Normandie, fabriqu\u00e9s en France. Et c&rsquo;est un franc succ\u00e8s ! &#x1f603;<\/p>\n\n\n\n<hr class=\"wp-block-separator has-text-color has-css-opacity has-background is-style-dots\" style=\"background-color:#96aee4;color:#96aee4\"\/>\n\n\n\n<p class=\"has-medium-font-size\"><mark style=\"background-color:rgba(0, 0, 0, 0);color:#cb881b\" class=\"has-inline-color\"><strong>Christ\u00e8le MERTER &#8211; <\/strong>Fondatrice de la marque La Gentle Factory<\/mark><\/p>\n\n\n\n<figure class=\"wp-block-embed is-type-video is-provider-youtube wp-block-embed-youtube wp-embed-aspect-16-9 wp-has-aspect-ratio\"><div class=\"wp-block-embed__wrapper\">\n<iframe loading=\"lazy\" title=\"FIBRES LONGUES - CIRCUIT COURT - Christ\u00e8le MERTER\" width=\"604\" height=\"340\" src=\"https:\/\/www.youtube.com\/embed\/g2IBT4-pGX0?start=45&#038;feature=oembed\" frameborder=\"0\" allow=\"accelerometer; autoplay; clipboard-write; encrypted-media; gyroscope; picture-in-picture; web-share\" referrerpolicy=\"strict-origin-when-cross-origin\" allowfullscreen><\/iframe>\n<\/div><\/figure>\n\n\n\n<p>Apr\u00e8s cinq ann\u00e9es d\u2019incubation au sein du groupe Happychic , La Gentle Factory, marque communautaire et engag\u00e9e n\u00e9e en 2013 \u00e0 Roubaix,&nbsp;prend son envol !&nbsp;<a href=\"https:\/\/www.instagram.com\/christele.merter\/\">@christele.merter<\/a>&nbsp;, sa fondatrice, reprend l\u2019entreprise en 2017 et r\u00e9alise une lev\u00e9e de fonds de pr\u00e8s d\u2019un million d\u2019euros pour assurer son d\u00e9veloppement et proposer des intemporels, v\u00e9ritable ADN de la marque.&nbsp;Avec plus de 60 partenaires\u2013fabricants r\u00e9partis un peu partout en France sur toutes les \u00e9tapes de fabrication, \u00e0&nbsp;l\u2019exception&nbsp;des fils qui sont europ\u00e9ens :&nbsp; des fournisseurs aux savoir-faire locaux, certifi\u00e9s Oeko-Tex.<\/p>\n\n\n\n<hr class=\"wp-block-separator has-text-color has-css-opacity has-background is-style-dots\" style=\"background-color:#96aee4;color:#96aee4\"\/>\n\n\n\n<p class=\"has-medium-font-size\"><mark style=\"background-color:rgba(0, 0, 0, 0);color:#cb881b\" class=\"has-inline-color\"><strong>Emmanuelle HYSON &#8211; <\/strong>Bureau de conseil Le Herpeur Paris<\/mark><\/p>\n\n\n\n<figure class=\"wp-block-embed is-type-video is-provider-youtube wp-block-embed-youtube wp-embed-aspect-16-9 wp-has-aspect-ratio\"><div class=\"wp-block-embed__wrapper\">\n<iframe loading=\"lazy\" title=\"FIBRES LONGUES - CIRCUIT COURT - Emmanuelle HYSON\" width=\"604\" height=\"340\" src=\"https:\/\/www.youtube.com\/embed\/q8uMiUEQeKs?start=30&#038;feature=oembed\" frameborder=\"0\" allow=\"accelerometer; autoplay; clipboard-write; encrypted-media; gyroscope; picture-in-picture; web-share\" referrerpolicy=\"strict-origin-when-cross-origin\" allowfullscreen><\/iframe>\n<\/div><\/figure>\n\n\n\n<p>Emmanuelle HYSON est styliste chez Leherpeur Paris. Depuis 8 ans, elle accompagne les marques dans leurs r\u00e9flexions quotidiennes. Elle travaille avec les \u00e9quipes \u00e0 la d\u00e9finition de leur raison d\u2019\u00eatre, de leur identit\u00e9 et \u00e0 la conception de leurs collections.<br>Elle leur apporte au fil des saisons de nouvelles impulsions cr\u00e9atives en accord avec les tendances soci\u00e9tales et l\u2019\u00e9volution des attentes de leurs clients.<\/p>\n\n\n\n<hr class=\"wp-block-separator has-text-color has-background is-style-dots\" style=\"background-color:#96aee4;color:#96aee4\" id=\"table_ronde\"\/>\n\n\n\n<p class=\"has-text-align-center has-medium-font-size\"><mark style=\"background-color:rgba(0, 0, 0, 0);color:#cb881b\" class=\"has-inline-color\">Regain pour les fibres locales &#8211; illusion ou r\u00e9alit\u00e9<\/mark><\/p>\n\n\n\n<figure class=\"wp-block-embed is-type-video is-provider-youtube wp-block-embed-youtube wp-embed-aspect-16-9 wp-has-aspect-ratio\"><div class=\"wp-block-embed__wrapper\">\n<iframe loading=\"lazy\" title=\"Regain pour les fibres locales - Illusion ou r\u00e9alit\u00e9\" width=\"604\" height=\"340\" src=\"https:\/\/www.youtube.com\/embed\/_F0yyXmU5OY?start=9&#038;feature=oembed\" frameborder=\"0\" allow=\"accelerometer; autoplay; clipboard-write; encrypted-media; gyroscope; picture-in-picture; web-share\" referrerpolicy=\"strict-origin-when-cross-origin\" allowfullscreen><\/iframe>\n<\/div><\/figure>\n\n\n\n<p>anim\u00e9e par&nbsp;<a rel=\"noreferrer noopener\" href=\"https:\/\/gmail.us10.list-manage.com\/track\/click?u=caea6e4e6425a889b41985230&amp;id=7ccd917a01&amp;e=631811cf42\" target=\"_blank\"><strong>Marion Clement<\/strong><\/a>, directrice cr\u00e9ative du studio&nbsp;<a rel=\"noreferrer noopener\" href=\"https:\/\/gmail.us10.list-manage.com\/track\/click?u=caea6e4e6425a889b41985230&amp;id=39f519d355&amp;e=631811cf42\" target=\"_blank\">Green Door Stories<\/a><br>avec la participation de :&nbsp;&nbsp;<strong>Marion LEMAIRE<\/strong>&nbsp;de la marque&nbsp;<a rel=\"noreferrer noopener\" href=\"https:\/\/gmail.us10.list-manage.com\/track\/click?u=caea6e4e6425a889b41985230&amp;id=ee1c3ae12b&amp;e=631811cf42\" target=\"_blank\">SPL!CE<\/a>,&nbsp;&nbsp;<strong>Paul BOYER<\/strong>,&nbsp;directeur de la coop\u00e9rative de tricotage&nbsp;<a rel=\"noreferrer noopener\" href=\"https:\/\/gmail.us10.list-manage.com\/track\/click?u=caea6e4e6425a889b41985230&amp;id=5850e9e9a9&amp;e=631811cf42\" target=\"_blank\">LINportant<\/a>&nbsp;,&nbsp;<strong>Jacques FOLLET<\/strong>&nbsp;liniculteur bio et pr\u00e9sident de LCBio,&nbsp;&nbsp;<strong>Raymond LIBEERT<\/strong>, directeur g\u00e9n\u00e9ral du tissage LIBECO,&nbsp;&nbsp;<strong>Pierre-Fran\u00e7ois LE&nbsp;LOU\u00cbT<\/strong>, pr\u00e9sident de l\u2019agence&nbsp;<a rel=\"noreferrer noopener\" href=\"https:\/\/gmail.us10.list-manage.com\/track\/click?u=caea6e4e6425a889b41985230&amp;id=540bac6dc3&amp;e=631811cf42\" target=\"_blank\">NellyRodi<\/a>&nbsp;et&nbsp;de la&nbsp;<a rel=\"noreferrer noopener\" href=\"https:\/\/gmail.us10.list-manage.com\/track\/click?u=caea6e4e6425a889b41985230&amp;id=1f961c305d&amp;e=631811cf42\" target=\"_blank\">F\u00e9d\u00e9ration du Pr\u00eat-\u00e0-porter<\/a><br>Et<strong>&nbsp;Ludovic MEENS<\/strong>&nbsp;responsable sourcing chez&nbsp;<a rel=\"noreferrer noopener\" href=\"https:\/\/gmail.us10.list-manage.com\/track\/click?u=caea6e4e6425a889b41985230&amp;id=007c6abd7d&amp;e=631811cf42\" target=\"_blank\">Monoprix<\/a>&nbsp;.<\/p>\n\n\n\n<p><\/p>\n","protected":false},"excerpt":{"rendered":"<p>Vid\u00e9os chanvreVid\u00e9os Lin Du champ au v\u00eatementTable ronde Le chanvre textile, une fili\u00e8re en devenir &#8211; La faucheuse automotrice unique au monde et con\u00e7ue collectivement. Coop\u00e9rative de teillage du plateau du Neubourg &#8211; Teillage de chanvre Depuis 2020, la coop\u00e9rative de teillage du plateau du Neubourg \u00e0 participe aux essais chanvre de l&rsquo;association \u00ab\u00a0Lin et &hellip; <a href=\"https:\/\/linetchanvrebio.org\/index.php\/nos-videos\/\" class=\"more-link\">Continuer la lecture de <span class=\"screen-reader-text\">Toutes nos vid\u00e9os explicatives<\/span> <span class=\"meta-nav\">&rarr;<\/span><\/a><\/p>\n","protected":false},"author":31,"featured_media":0,"parent":0,"menu_order":0,"comment_status":"closed","ping_status":"closed","template":"","meta":{"footnotes":""},"class_list":["post-2034","page","type-page","status-publish","hentry"],"_links":{"self":[{"href":"https:\/\/linetchanvrebio.org\/index.php\/wp-json\/wp\/v2\/pages\/2034","targetHints":{"allow":["GET"]}}],"collection":[{"href":"https:\/\/linetchanvrebio.org\/index.php\/wp-json\/wp\/v2\/pages"}],"about":[{"href":"https:\/\/linetchanvrebio.org\/index.php\/wp-json\/wp\/v2\/types\/page"}],"author":[{"embeddable":true,"href":"https:\/\/linetchanvrebio.org\/index.php\/wp-json\/wp\/v2\/users\/31"}],"replies":[{"embeddable":true,"href":"https:\/\/linetchanvrebio.org\/index.php\/wp-json\/wp\/v2\/comments?post=2034"}],"version-history":[{"count":16,"href":"https:\/\/linetchanvrebio.org\/index.php\/wp-json\/wp\/v2\/pages\/2034\/revisions"}],"predecessor-version":[{"id":69023,"href":"https:\/\/linetchanvrebio.org\/index.php\/wp-json\/wp\/v2\/pages\/2034\/revisions\/69023"}],"wp:attachment":[{"href":"https:\/\/linetchanvrebio.org\/index.php\/wp-json\/wp\/v2\/media?parent=2034"}],"curies":[{"name":"wp","href":"https:\/\/api.w.org\/{rel}","templated":true}]}}