{"id":1973,"date":"2020-12-02T17:33:44","date_gmt":"2020-12-02T16:33:44","guid":{"rendered":"https:\/\/linetchanvrebio.org\/?page_id=1973"},"modified":"2021-01-06T09:00:12","modified_gmt":"2021-01-06T08:00:12","slug":"rd-chanvre-textile","status":"publish","type":"page","link":"https:\/\/linetchanvrebio.org\/index.php\/rd-chanvre-textile\/","title":{"rendered":"R&#038;D CHANVRE TEXTILE"},"content":{"rendered":"\n<figure class=\"wp-block-pullquote\"><blockquote><p><a href=\"https:\/\/linetchanvrebio.org\/index.php\/nos-videos\/\" data-type=\"URL\" data-id=\"https:\/\/linetchanvrebio.org\/index.php\/nos-videos\/\">Acc\u00e9der \u00e0 toutes nos vid\u00e9os    <\/a>   <img loading=\"lazy\" decoding=\"async\" width=\"40\" height=\"33\" class=\"wp-image-1766\" style=\"width: 40px;\" src=\"https:\/\/linetchanvrebio.org\/wp-content\/uploads\/chanvre_lcbio.jpg\" alt=\"\"><\/p><p><a href=\"https:\/\/linetchanvrebio.org\/index.php\/le-chanvre-bio\/\" data-type=\"URL\" data-id=\"https:\/\/linetchanvrebio.org\/index.php\/le-chanvre-bio\/\">Tout savoir sur le chanvre textile : fiche technique<\/a><\/p><\/blockquote><\/figure>\n\n\n\n<figure class=\"wp-block-image alignwide size-large\"><img loading=\"lazy\" decoding=\"async\" width=\"1024\" height=\"683\" src=\"https:\/\/linetchanvrebio.org\/wp-content\/uploads\/20065_004-1024x683.jpg\" alt=\"\" class=\"wp-image-1988\" srcset=\"https:\/\/linetchanvrebio.org\/wp-content\/uploads\/20065_004-1024x683.jpg 1024w, https:\/\/linetchanvrebio.org\/wp-content\/uploads\/20065_004-300x200.jpg 300w, https:\/\/linetchanvrebio.org\/wp-content\/uploads\/20065_004-768x513.jpg 768w, https:\/\/linetchanvrebio.org\/wp-content\/uploads\/20065_004.jpg 1500w\" sizes=\"auto, (max-width: 1024px) 100vw, 1024px\" \/><\/figure>\n\n\n\n<p><em>Cr\u00e9dit photo : Xavier REMONGIN<\/em><\/p>\n","protected":false},"excerpt":{"rendered":"<p>Acc\u00e9der \u00e0 toutes nos vid\u00e9os Tout savoir sur le chanvre textile : fiche technique Cr\u00e9dit photo : Xavier REMONGIN<\/p>\n","protected":false},"author":31,"featured_media":0,"parent":0,"menu_order":0,"comment_status":"closed","ping_status":"closed","template":"","meta":{"footnotes":""},"class_list":["post-1973","page","type-page","status-publish","hentry"],"_links":{"self":[{"href":"https:\/\/linetchanvrebio.org\/index.php\/wp-json\/wp\/v2\/pages\/1973","targetHints":{"allow":["GET"]}}],"collection":[{"href":"https:\/\/linetchanvrebio.org\/index.php\/wp-json\/wp\/v2\/pages"}],"about":[{"href":"https:\/\/linetchanvrebio.org\/index.php\/wp-json\/wp\/v2\/types\/page"}],"author":[{"embeddable":true,"href":"https:\/\/linetchanvrebio.org\/index.php\/wp-json\/wp\/v2\/users\/31"}],"replies":[{"embeddable":true,"href":"https:\/\/linetchanvrebio.org\/index.php\/wp-json\/wp\/v2\/comments?post=1973"}],"version-history":[{"count":7,"href":"https:\/\/linetchanvrebio.org\/index.php\/wp-json\/wp\/v2\/pages\/1973\/revisions"}],"predecessor-version":[{"id":2090,"href":"https:\/\/linetchanvrebio.org\/index.php\/wp-json\/wp\/v2\/pages\/1973\/revisions\/2090"}],"wp:attachment":[{"href":"https:\/\/linetchanvrebio.org\/index.php\/wp-json\/wp\/v2\/media?parent=1973"}],"curies":[{"name":"wp","href":"https:\/\/api.w.org\/{rel}","templated":true}]}}