{"id":1970,"date":"2020-12-02T17:31:53","date_gmt":"2020-12-02T16:31:53","guid":{"rendered":"https:\/\/linetchanvrebio.org\/?page_id=1970"},"modified":"2026-02-06T12:23:42","modified_gmt":"2026-02-06T11:23:42","slug":"le-lin-textile-bio","status":"publish","type":"page","link":"https:\/\/linetchanvrebio.org\/index.php\/le-lin-textile-bio\/","title":{"rendered":"LE LIN TEXTILE BIO"},"content":{"rendered":"\n<figure class=\"wp-block-pullquote has-red-color has-text-color\"><blockquote><p><a href=\"https:\/\/linetchanvrebio.org\/index.php\/nos-videos\/\" data-type=\"URL\" data-id=\"https:\/\/linetchanvrebio.org\/index.php\/nos-videos\/\">Acc\u00e9der \u00e0 toutes nos vid\u00e9os<\/a>    <img loading=\"lazy\" decoding=\"async\" width=\"40\" height=\"32\" class=\"wp-image-1765\" style=\"width: 40px;\" src=\"https:\/\/linetchanvrebio.org\/wp-content\/uploads\/lin_lcbio-1.jpg\" alt=\"\"><\/p><\/blockquote><\/figure>\n\n\n\n<div class=\"wp-block-columns alignwide are-vertically-aligned-center has-large-font-size is-layout-flex wp-container-core-columns-is-layout-9d6595d7 wp-block-columns-is-layout-flex\">\n<div class=\"wp-block-column is-vertically-aligned-center is-layout-flow wp-block-column-is-layout-flow\">\n<div class=\"wp-block-buttons is-layout-flex wp-block-buttons-is-layout-flex\">\n<div class=\"wp-block-button is-style-no-shadow\"><a class=\"wp-block-button__link has-text-color has-background wp-element-button\" href=\"https:\/\/linetchanvrebio.org\/index.php\/la-production\/\" style=\"color:#fefdf2;background-color:#2f481b\" target=\"_blank\" rel=\"noreferrer noopener\"><strong>La fili\u00e8re du lin textile bio<\/strong><\/a><\/div>\n<\/div>\n<\/div>\n\n\n\n<div class=\"wp-block-column is-vertically-aligned-center is-layout-flow wp-block-column-is-layout-flow\">\n<div class=\"wp-block-buttons is-content-justification-center is-layout-flex wp-container-core-buttons-is-layout-16018d1d wp-block-buttons-is-layout-flex\">\n<div class=\"wp-block-button is-style-no-shadow\"><a class=\"wp-block-button__link has-text-color has-background wp-element-button\" href=\"https:\/\/linetchanvrebio.org\/wp-content\/uploads\/Fiche-technique-lin-textile_LCBio_2023.pdf\" style=\"color:#fefdf2;background-color:#2f481b\" target=\"_blank\" rel=\"noreferrer noopener\"><strong>Fiche technique du lin Bio<\/strong><\/a><\/div>\n\n\n\n<div class=\"wp-block-button is-style-no-shadow\"><a class=\"wp-block-button__link has-text-color has-background wp-element-button\" href=\"https:\/\/linetchanvrebio.org\/wp-content\/uploads\/Guide-technique-Lin-fibre-de-printemps-BIO-2025.pdf\" style=\"color:#fefdf2;background-color:#2f481b\"><strong>GUIDE TECHNIQUE LIN BIO 2025<\/strong><\/a><\/div>\n\n\n\n<div class=\"wp-block-button is-style-no-shadow\"><a class=\"wp-block-button__link has-text-color has-background wp-element-button\" href=\"https:\/\/linetchanvrebio.org\/wp-content\/uploads\/Fiche-technique-Lin-dhiver.pdf\" style=\"color:#fefdf2;background-color:#2f481b\"><strong>Fiche technique Lin d&rsquo;hiver Bio<\/strong><\/a><\/div>\n\n\n\n<div class=\"wp-block-button is-style-no-shadow\"><a class=\"wp-block-button__link has-text-color has-background wp-element-button\" href=\"https:\/\/linetchanvrebio.org\/wp-content\/uploads\/Livret-experimentation-Lin-de-Chanvre.pdf\" style=\"color:#fefdf2;background-color:#2f481b\"><strong>Livret exp\u00e9 Lin de Chanvre<\/strong><\/a><\/div>\n<\/div>\n<\/div>\n\n\n\n<div class=\"wp-block-column is-vertically-aligned-center is-layout-flow wp-block-column-is-layout-flow\">\n<div class=\"wp-block-buttons is-layout-flex wp-block-buttons-is-layout-flex\">\n<div class=\"wp-block-button is-style-no-shadow\"><a class=\"wp-block-button__link has-text-color has-background wp-element-button\" href=\"https:\/\/linetchanvrebio.org\/index.php\/filiere-lin-textile\/\" style=\"color:#fefdf2;background-color:#2f481b\"><strong>Les \u00e9tapes de filature du lin<\/strong><\/a><\/div>\n<\/div>\n<\/div>\n<\/div>\n\n\n\n<figure class=\"wp-block-image alignwide size-large\"><img loading=\"lazy\" decoding=\"async\" width=\"1024\" height=\"684\" src=\"https:\/\/linetchanvrebio.org\/wp-content\/uploads\/LinBio-30-1024x684.jpg\" alt=\"\" class=\"wp-image-1985\" srcset=\"https:\/\/linetchanvrebio.org\/wp-content\/uploads\/LinBio-30-1024x684.jpg 1024w, https:\/\/linetchanvrebio.org\/wp-content\/uploads\/LinBio-30-300x200.jpg 300w, https:\/\/linetchanvrebio.org\/wp-content\/uploads\/LinBio-30-768x513.jpg 768w, https:\/\/linetchanvrebio.org\/wp-content\/uploads\/LinBio-30-1536x1025.jpg 1536w, https:\/\/linetchanvrebio.org\/wp-content\/uploads\/LinBio-30-2048x1367.jpg 2048w\" sizes=\"auto, (max-width: 1024px) 100vw, 1024px\" \/><\/figure>\n\n\n\n<p><em>Cr\u00e9dit photo : Rodolphe MURIE<\/em><\/p>\n","protected":false},"excerpt":{"rendered":"<p>Acc\u00e9der \u00e0 toutes nos vid\u00e9os Cr\u00e9dit photo : Rodolphe MURIE<\/p>\n","protected":false},"author":31,"featured_media":0,"parent":0,"menu_order":0,"comment_status":"closed","ping_status":"closed","template":"","meta":{"footnotes":""},"class_list":["post-1970","page","type-page","status-publish","hentry"],"_links":{"self":[{"href":"https:\/\/linetchanvrebio.org\/index.php\/wp-json\/wp\/v2\/pages\/1970","targetHints":{"allow":["GET"]}}],"collection":[{"href":"https:\/\/linetchanvrebio.org\/index.php\/wp-json\/wp\/v2\/pages"}],"about":[{"href":"https:\/\/linetchanvrebio.org\/index.php\/wp-json\/wp\/v2\/types\/page"}],"author":[{"embeddable":true,"href":"https:\/\/linetchanvrebio.org\/index.php\/wp-json\/wp\/v2\/users\/31"}],"replies":[{"embeddable":true,"href":"https:\/\/linetchanvrebio.org\/index.php\/wp-json\/wp\/v2\/comments?post=1970"}],"version-history":[{"count":27,"href":"https:\/\/linetchanvrebio.org\/index.php\/wp-json\/wp\/v2\/pages\/1970\/revisions"}],"predecessor-version":[{"id":69020,"href":"https:\/\/linetchanvrebio.org\/index.php\/wp-json\/wp\/v2\/pages\/1970\/revisions\/69020"}],"wp:attachment":[{"href":"https:\/\/linetchanvrebio.org\/index.php\/wp-json\/wp\/v2\/media?parent=1970"}],"curies":[{"name":"wp","href":"https:\/\/api.w.org\/{rel}","templated":true}]}}