{"id":1863,"date":"2020-12-02T15:03:41","date_gmt":"2020-12-02T14:03:41","guid":{"rendered":"https:\/\/linetchanvrebio.org\/?page_id=1863"},"modified":"2022-11-15T10:15:06","modified_gmt":"2022-11-15T09:15:06","slug":"notre-boutique-lin-et-chanvre-bio","status":"publish","type":"page","link":"https:\/\/linetchanvrebio.org\/index.php\/notre-boutique-lin-et-chanvre-bio\/","title":{"rendered":"BOUTIQUE"},"content":{"rendered":"\n<figure class=\"wp-block-pullquote alignwide has-border-color has-text-color\" style=\"border-color:#cb881b;color:#cb881b\"><blockquote><p><mark style=\"background-color:rgba(0, 0, 0, 0);color:#cb881b\" class=\"has-inline-color\"><a href=\"#Tablier-lin\" data-type=\"internal\" data-id=\"#Tablier-lin\">Tablier 100% lin Bio<\/a><\/mark> <img loading=\"lazy\" decoding=\"async\" width=\"35\" height=\"28\" class=\"wp-image-1765\" style=\"width: 35px;\" src=\"https:\/\/linetchanvrebio.org\/wp-content\/uploads\/lin_lcbio-1.jpg\" alt=\"\"><\/p><p><mark style=\"background-color:rgba(0, 0, 0, 0);color:#496d3b\" class=\"has-inline-color\"><a href=\"#Fil-lin\" data-type=\"internal\" data-id=\"#Fil-lin\">Fil de lin bio<\/a><\/mark><\/p><\/blockquote><\/figure>\n\n\n\n<hr class=\"wp-block-separator has-text-color has-css-opacity has-background s\u00e9parateur {margin:0 auto} is-style-dots\" style=\"background-color:#96aee4;color:#96aee4\"\/>\n\n\n\n<p class=\"has-text-align-center has-text-color has-large-font-size\" id=\"Tablier-lin\" style=\"color:#cb881b\"><em>TABLIER 100% Lin Bio<\/em> &#8211; <span style=\"color:#496d3b\" class=\"has-inline-color\">39 \u20ac<\/span><\/p>\n\n\n\n<p><em><strong><span class=\"has-inline-color has-red-color\">[baisse de prix: 39\u20ac au lieu de&nbsp;<del>48\u20ac<\/del>]<\/span><\/strong><\/em><\/p>\n\n\n\n<figure class=\"wp-block-gallery aligncenter has-nested-images columns-default is-cropped wp-block-gallery-1 is-layout-flex wp-block-gallery-is-layout-flex\">\n<figure class=\"wp-block-image size-large\"><img loading=\"lazy\" decoding=\"async\" width=\"577\" height=\"1011\" data-id=\"1875\" src=\"https:\/\/linetchanvrebio.org\/wp-content\/uploads\/Image1-1-1.jpg\" alt=\"\" class=\"wp-image-1875\" srcset=\"https:\/\/linetchanvrebio.org\/wp-content\/uploads\/Image1-1-1.jpg 577w, https:\/\/linetchanvrebio.org\/wp-content\/uploads\/Image1-1-1-171x300.jpg 171w\" sizes=\"auto, (max-width: 577px) 100vw, 577px\" \/><\/figure>\n\n\n\n<figure class=\"wp-block-image size-large\"><img loading=\"lazy\" decoding=\"async\" width=\"768\" height=\"1024\" data-id=\"1876\" src=\"https:\/\/linetchanvrebio.org\/wp-content\/uploads\/IMG_20190713_164115-1-768x1024.jpg\" alt=\"\" class=\"wp-image-1876\" srcset=\"https:\/\/linetchanvrebio.org\/wp-content\/uploads\/IMG_20190713_164115-1-768x1024.jpg 768w, https:\/\/linetchanvrebio.org\/wp-content\/uploads\/IMG_20190713_164115-1-225x300.jpg 225w, https:\/\/linetchanvrebio.org\/wp-content\/uploads\/IMG_20190713_164115-1.jpg 844w\" sizes=\"auto, (max-width: 768px) 100vw, 768px\" \/><\/figure>\n\n\n\n<figure class=\"wp-block-image size-large\"><img loading=\"lazy\" decoding=\"async\" width=\"1024\" height=\"768\" data-id=\"1877\" src=\"https:\/\/linetchanvrebio.org\/wp-content\/uploads\/IMG_20190713_163815-1-1024x768.jpg\" alt=\"\" class=\"wp-image-1877\" srcset=\"https:\/\/linetchanvrebio.org\/wp-content\/uploads\/IMG_20190713_163815-1-1024x768.jpg 1024w, https:\/\/linetchanvrebio.org\/wp-content\/uploads\/IMG_20190713_163815-1-300x225.jpg 300w, https:\/\/linetchanvrebio.org\/wp-content\/uploads\/IMG_20190713_163815-1-768x576.jpg 768w, https:\/\/linetchanvrebio.org\/wp-content\/uploads\/IMG_20190713_163815-1.jpg 1500w\" sizes=\"auto, (max-width: 1024px) 100vw, 1024px\" \/><\/figure>\n\n\n\n<figure class=\"wp-block-image size-large\"><img loading=\"lazy\" decoding=\"async\" width=\"844\" height=\"973\" data-id=\"1878\" src=\"https:\/\/linetchanvrebio.org\/wp-content\/uploads\/IMG_20190713_165821-1-2.jpg\" alt=\"\" class=\"wp-image-1878\" srcset=\"https:\/\/linetchanvrebio.org\/wp-content\/uploads\/IMG_20190713_165821-1-2.jpg 844w, https:\/\/linetchanvrebio.org\/wp-content\/uploads\/IMG_20190713_165821-1-2-260x300.jpg 260w, https:\/\/linetchanvrebio.org\/wp-content\/uploads\/IMG_20190713_165821-1-2-768x885.jpg 768w\" sizes=\"auto, (max-width: 844px) 100vw, 844px\" \/><\/figure>\n<\/figure>\n\n\n\n<p>Bretelle r\u00e9glable en longueur (gr\u00e2ce \u00e0 un bouton pression). Couleur taupe unie qui s\u2019adaptera facilement \u00e0 toutes les ambiances.<\/p>\n\n\n\n<p>L\u2019\u00e9tiquette \u00ab&nbsp;lin et chanvre bio.org&nbsp;\u00bb rappelle sobrement&nbsp; l\u2019histoire de ce tablier :<\/p>\n\n\n\n<ul class=\"wp-block-list\">\n<li><mark style=\"background-color:rgba(0, 0, 0, 0);color:#cb881b\" class=\"has-inline-color\">un produit 100% lin de tr\u00e8s grande qualit\u00e9 qui vous accompagnera durablement et avec \u00e9l\u00e9gance dans la pr\u00e9paration de vos meilleures recettes;<\/mark><\/li>\n\n\n\n<li><mark style=\"background-color:rgba(0, 0, 0, 0);color:#496d3b\" class=\"has-inline-color\">un soutien \u00e0 la conversion \u00e0 l\u2019agriculture biologique des bassins agricoles liniers (parmi les meilleures terres agricoles de France, grandes productrices de lin, bl\u00e9, lait, pommes de terre, betteraves etc.);<\/mark><\/li>\n\n\n\n<li><mark style=\"background-color:rgba(0, 0, 0, 0);color:#cb881b\" class=\"has-inline-color\">un encouragement au\u00a0 d\u00e9veloppement d\u2019une fili\u00e8re locale de transformation de cette mati\u00e8re premi\u00e8re magnifique, en Europe et en France.<\/mark><\/li>\n<\/ul>\n\n\n\n<p>Le lin de ce tablier a \u00e9t\u00e9 cultiv\u00e9 et teill\u00e9 (extraction m\u00e9canique de la filasse) en France dans la Brie (Seine et Marne). Puis il a \u00e9t\u00e9 peign\u00e9 et fil\u00e9 en Hongrie, avant d\u2019\u00eatre tiss\u00e9, teint, coup\u00e9 et confectionn\u00e9 en Belgique (Flandres) par notre partenaire Libeco.<\/p>\n\n\n\n<p>Ce produit porte les certificats<\/p>\n\n\n\n<ul class=\"wp-block-list\">\n<li><strong>GOTS<\/strong>&nbsp;: <\/li>\n<\/ul>\n\n\n<div class=\"wp-block-image\">\n<figure class=\"aligncenter is-resized\"><a href=\"http:\/\/linetchanvrebio.org\/index.php\/filiere-lin-textile\/\"><img decoding=\"async\" src=\"http:\/\/linetchanvrebio.org\/wp-content\/uploads\/2016\/01\/logo-GOTS-293x300.jpg\" alt=\"\" class=\"wp-image-189\" width=\"65\" srcset=\"https:\/\/linetchanvrebio.org\/wp-content\/uploads\/2016\/01\/logo-GOTS-293x300.jpg 293w, https:\/\/linetchanvrebio.org\/wp-content\/uploads\/2016\/01\/logo-GOTS.jpg 495w\" sizes=\"(max-width: 293px) 100vw, 293px\" \/><\/a><\/figure><\/div>\n\n\n<ul class=\"wp-block-list\">\n<li><strong>Masters of Linen<\/strong>&nbsp;\u00bb (lin totalement transform\u00e9 en Europe) :<\/li>\n<\/ul>\n\n\n<div class=\"wp-block-image\">\n<figure class=\"aligncenter is-resized\"><img decoding=\"async\" src=\"http:\/\/linetchanvrebio.org\/wp-content\/uploads\/2016\/08\/logo-masters-of-linen-black-web-300x158.png\" alt=\"\" class=\"wp-image-221\" width=\"120\" srcset=\"https:\/\/linetchanvrebio.org\/wp-content\/uploads\/2016\/08\/logo-masters-of-linen-black-web-300x158.png 300w, https:\/\/linetchanvrebio.org\/wp-content\/uploads\/2016\/08\/logo-masters-of-linen-black-web-600x316.png 600w, https:\/\/linetchanvrebio.org\/wp-content\/uploads\/2016\/08\/logo-masters-of-linen-black-web.png 760w\" sizes=\"(max-width: 300px) 100vw, 300px\" \/><\/figure><\/div>\n\n\n<p><\/p>\n\n\n\n<p>Conseils d\u2019entretien: Laver \u00e0 40\u00b0c maximum, s\u00e9cher sur fil.<\/p>\n\n\n\n<p class=\"has-text-align-center has-background\" style=\"background-color:#ddcdac\">Exp\u00e9dition par la Poste apr\u00e8s r\u00e9ception de votre paiement.<br>5\u20ac de participation aux frais de port sont demand\u00e9s pour tout envoi en France m\u00e9tropolitaine, 10\u20ac pour l\u2019\u00e9tranger.<br><strong>Lors de votre commande, merci de choisir votre option de frais de port. Sans r\u00e8glement de ces frais de votre part nous ne pourrons proc\u00e9der \u00e0 l&rsquo;envoi de votre colis.<\/strong><br>Attention : Pour les commandes de plusieurs tabliers, ne renseigner les frais de port et les informations compl\u00e9mentaires qu&rsquo;une seule fois.<\/p>\n\n\n\n<p class=\"has-text-align-center\"><mark style=\"background-color:rgba(0, 0, 0, 0);color:#96aee4\" class=\"has-inline-color\"><strong>PAIEMENT EN LIGNE<\/strong><\/mark> <mark style=\"background-color:rgba(0, 0, 0, 0);color:#496d3b\" class=\"has-inline-color\">&#8211; Cliquer sur participer<\/mark><\/p>\n\n\n\n<iframe id=\"haWidget\" allowtransparency=\"true\" src=\"https:\/\/www.helloasso.com\/associations\/lin-et-chanvre-bio\/evenements\/tablier-100-lin-bio\/widget-bouton\" style=\"width: 100%; height: 70px; border: none;\"><\/iframe>\n\n\n\n<div style=\"height:59px\" aria-hidden=\"true\" class=\"wp-block-spacer\"><\/div>\n\n\n\n<hr class=\"wp-block-separator has-text-color has-css-opacity has-background s\u00e9parateur {margin:0 auto} is-style-dots\" style=\"background-color:#96aee4;color:#96aee4\"\/>\n\n\n\n<div style=\"height:59px\" aria-hidden=\"true\" class=\"wp-block-spacer\"><\/div>\n\n\n\n<p class=\"has-text-align-center has-text-color has-large-font-size\" id=\"Fil-lin\" style=\"color:#496d3b\"><mark style=\"background-color:rgba(0, 0, 0, 0);color:#496d3b\" class=\"has-inline-color\">Fil de lin bio<\/mark><\/p>\n\n\n\n<p>L\u2019association organise chaque ann\u00e9e une&nbsp;<strong>commande group\u00e9e de fil de lin bio<\/strong>, aupr\u00e8s de notre partenaire et membre&nbsp;<strong><a href=\"http:\/\/www.safilin.fr\" data-type=\"URL\" data-id=\"http:\/\/www.safilin.fr\">SAFILIN<\/a><\/strong>, filateur europ\u00e9en.<\/p>\n\n\n\n<figure class=\"wp-block-image size-large\"><img loading=\"lazy\" decoding=\"async\" width=\"768\" height=\"487\" src=\"https:\/\/linetchanvrebio.org\/wp-content\/uploads\/fil-768x487-1.png\" alt=\"\" class=\"wp-image-1893\" srcset=\"https:\/\/linetchanvrebio.org\/wp-content\/uploads\/fil-768x487-1.png 768w, https:\/\/linetchanvrebio.org\/wp-content\/uploads\/fil-768x487-1-300x190.png 300w\" sizes=\"auto, (max-width: 768px) 100vw, 768px\" \/><\/figure>\n\n\n\n<p>Tout&nbsp;<strong>adh\u00e9rent<\/strong>&nbsp;de l\u2019association peut participer \u00e0 cette commande<strong>&nbsp;\u00e0 partir de 1kg de fil<\/strong>.<br>Les caract\u00e9ristiques du fil peuvent varier selon la demande et la disponibilit\u00e9. <\/p>\n\n\n\n<p>Des bobines de fil de lin bio de SAFILIN sont disponibles \u00e0 la commande. Tant que notre stock n&rsquo;est pas \u00e9puis\u00e9, nous attendons avant de repasser commande. L&rsquo;approvisionnement de la fili\u00e8re en lin bio est rendu difficile actuellement car les qualit\u00e9s de lin des r\u00e9coltes 2020 (\u00e9t\u00e9 sec) et 2021 (\u00e9t\u00e9 humide) sont inf\u00e9rieures aux ann\u00e9es moyennes.<\/p>\n\n\n\n<p><strong>Pour commander du fil<\/strong>, rendez-vous sur le site <a href=\"https:\/\/crealin.fr\/\" target=\"_blank\" rel=\"noreferrer noopener\">https:\/\/crealin.fr\/<\/a> , les fils \u00e0 commander (par bobine ou par carton de bobines) se trouvent dans la rubrique \u00ab\u00a0Fil de lin Bio\u00a0\u00bb.<\/p>\n\n\n\n<p>Les bobines disponibles :<\/p>\n\n\n\n<p>&#8211;&nbsp;&nbsp;&nbsp;&nbsp;&nbsp;&nbsp;&nbsp;&nbsp;&nbsp; Nm 12 LML (Lin Mouill\u00e9 Naturel) plut\u00f4t pr\u00e9vu pour tissage<\/p>\n\n\n\n<p>&#8211;&nbsp;&nbsp;&nbsp;&nbsp;&nbsp;&nbsp;&nbsp;&nbsp;&nbsp; Nm 24 LMD (Lin Mouill\u00e9 Blanchi) d\u00e9j\u00e0 pr\u00e9vu pour tricotage<\/p>\n\n\n\n<p>&#8211;&nbsp;&nbsp;&nbsp;&nbsp;&nbsp;&nbsp;&nbsp;&nbsp;&nbsp; Nm 24 LML (Lin Mouill\u00e9 Naturel) plut\u00f4t \u00e0 r\u00e9server au tissage<\/p>\n\n\n\n<p>&#8211;&nbsp;&nbsp;&nbsp;&nbsp;&nbsp;&nbsp;&nbsp;&nbsp;&nbsp; Nm 24 LMD (Lin Mouill\u00e9 Blanchi) plut\u00f4t \u00e0 r\u00e9server au tissage<\/p>\n\n\n\n<p>Selon les r\u00e9f\u00e9rences de fil, les bobines vont de 0,869 kg \u00e0 1,614 kg. Ces fils sont issus d\u2019une filature \u00ab&nbsp;au mouill\u00e9&nbsp;\u00bb. Je n&rsquo;ai pas d&rsquo;\u00e9chantillon mais vous pouvez en demander aupr\u00e8s de Christophe Pelletier, qui g\u00e8re l&rsquo;exp\u00e9dition des commandes sur son site (christophe.pelletier@crealin.fr).<\/p>\n\n\n\n<p>Rappel&nbsp;: Il faut \u00eatre adh\u00e9rent \u00e0 l&rsquo;association pour pouvoir b\u00e9n\u00e9ficier du fil : <a href=\"https:\/\/linetchanvrebio.org\/index.php\/adherer\/\">https:\/\/linetchanvrebio.org\/index.php\/adherer\/<\/a><\/p>\n","protected":false},"excerpt":{"rendered":"<p>Tablier 100% lin Bio Fil de lin bio TABLIER 100% Lin Bio &#8211; 39 \u20ac [baisse de prix: 39\u20ac au lieu de&nbsp;48\u20ac] Bretelle r\u00e9glable en longueur (gr\u00e2ce \u00e0 un bouton pression). Couleur taupe unie qui s\u2019adaptera facilement \u00e0 toutes les ambiances. L\u2019\u00e9tiquette \u00ab&nbsp;lin et chanvre bio.org&nbsp;\u00bb rappelle sobrement&nbsp; l\u2019histoire de ce tablier : Le lin &hellip; <a href=\"https:\/\/linetchanvrebio.org\/index.php\/notre-boutique-lin-et-chanvre-bio\/\" class=\"more-link\">Continuer la lecture de <span class=\"screen-reader-text\">BOUTIQUE<\/span> <span class=\"meta-nav\">&rarr;<\/span><\/a><\/p>\n","protected":false},"author":31,"featured_media":0,"parent":0,"menu_order":0,"comment_status":"closed","ping_status":"closed","template":"","meta":{"footnotes":""},"class_list":["post-1863","page","type-page","status-publish","hentry"],"_links":{"self":[{"href":"https:\/\/linetchanvrebio.org\/index.php\/wp-json\/wp\/v2\/pages\/1863","targetHints":{"allow":["GET"]}}],"collection":[{"href":"https:\/\/linetchanvrebio.org\/index.php\/wp-json\/wp\/v2\/pages"}],"about":[{"href":"https:\/\/linetchanvrebio.org\/index.php\/wp-json\/wp\/v2\/types\/page"}],"author":[{"embeddable":true,"href":"https:\/\/linetchanvrebio.org\/index.php\/wp-json\/wp\/v2\/users\/31"}],"replies":[{"embeddable":true,"href":"https:\/\/linetchanvrebio.org\/index.php\/wp-json\/wp\/v2\/comments?post=1863"}],"version-history":[{"count":54,"href":"https:\/\/linetchanvrebio.org\/index.php\/wp-json\/wp\/v2\/pages\/1863\/revisions"}],"predecessor-version":[{"id":67940,"href":"https:\/\/linetchanvrebio.org\/index.php\/wp-json\/wp\/v2\/pages\/1863\/revisions\/67940"}],"wp:attachment":[{"href":"https:\/\/linetchanvrebio.org\/index.php\/wp-json\/wp\/v2\/media?parent=1863"}],"curies":[{"name":"wp","href":"https:\/\/api.w.org\/{rel}","templated":true}]}}