{"id":1089,"date":"2019-08-27T09:09:20","date_gmt":"2019-08-27T08:09:20","guid":{"rendered":"http:\/\/linetchanvrebio.org\/?page_id=1089"},"modified":"2021-11-22T15:46:16","modified_gmt":"2021-11-22T14:46:16","slug":"fil-de-lin-bio","status":"publish","type":"page","link":"https:\/\/linetchanvrebio.org\/index.php\/fil-de-lin-bio\/","title":{"rendered":"Fil de lin bio"},"content":{"rendered":"\n<div class=\"wp-block-image\"><figure class=\"alignright is-resized\"><img loading=\"lazy\" decoding=\"async\" src=\"http:\/\/linetchanvrebio.org\/wp-content\/uploads\/fil-1024x649.png\" alt=\"\" class=\"wp-image-1116\" width=\"350\" height=\"221\" srcset=\"https:\/\/linetchanvrebio.org\/wp-content\/uploads\/fil-1024x649.png 1024w, https:\/\/linetchanvrebio.org\/wp-content\/uploads\/fil-300x190.png 300w, https:\/\/linetchanvrebio.org\/wp-content\/uploads\/fil-768x487.png 768w, https:\/\/linetchanvrebio.org\/wp-content\/uploads\/fil-600x381.png 600w, https:\/\/linetchanvrebio.org\/wp-content\/uploads\/fil.png 1498w\" sizes=\"auto, (max-width: 350px) 100vw, 350px\" \/><\/figure><\/div>\n\n\n\n<p> L\u2019association organise chaque ann\u00e9e une <strong>commande group\u00e9e de fil de lin bio<\/strong>, aupr\u00e8s de notre partenaire et membre <strong><a href=\"http:\/\/www.safilin.fr\/\">SAFILIN<\/a><\/strong> (filateur europ\u00e9en).<\/p>\n\n\n\n<p>Le prix d\u00e9finitif est communiqu\u00e9 en fin de campagne de filature. Pour information, en 2019 le prix du kg net \u00e9tait \u00e0 16\u20ac, en 2020, il \u00e9tait \u00e0 17\u20ac .<\/p>\n\n\n\n<p>Tout <strong>adh\u00e9rent<\/strong> de l\u2019association peut participer \u00e0 cette commande<strong> \u00e0 partir de 1kg de fil<\/strong>.<br>Les caract\u00e9ristiques du fil peuvent varier selon la demande et la disponibilit\u00e9:<br>&#8211; Nm24 long brin au mouill\u00e9 naturel blanchi. D&rsquo;autres finesses peuvent \u00eatre disponibles (Nm10, Nm 12, Nm20)<br>&#8211; Bobin\u00e9 en c\u00f4nes perfor\u00e9s de 1kg en sachets individuels rang\u00e9s en cartons <br>&#8211; Pr\u00e9par\u00e9 pour tissage (standard) ou tricotage (paraffin\u00e9 et humidifi\u00e9)<br>Si cette commande group\u00e9e vous int\u00e9resse, faites-vous conna\u00eetre aupr\u00e8s de l\u2019association \u00e0 <a rel=\"noreferrer noopener\" href=\"mailto:linetchanvrebio@gmail.org\" target=\"_blank\">linetchanvrebio arobase gmail.org<\/a><\/p>\n","protected":false},"excerpt":{"rendered":"<p>L\u2019association organise chaque ann\u00e9e une commande group\u00e9e de fil de lin bio, aupr\u00e8s de notre partenaire et membre SAFILIN (filateur europ\u00e9en). Le prix d\u00e9finitif est communiqu\u00e9 en fin de campagne de filature. Pour information, en 2019 le prix du kg net \u00e9tait \u00e0 16\u20ac, en 2020, il \u00e9tait \u00e0 17\u20ac . Tout adh\u00e9rent de l\u2019association &hellip; <a href=\"https:\/\/linetchanvrebio.org\/index.php\/fil-de-lin-bio\/\" class=\"more-link\">Continuer la lecture de <span class=\"screen-reader-text\">Fil de lin bio<\/span> <span class=\"meta-nav\">&rarr;<\/span><\/a><\/p>\n","protected":false},"author":31,"featured_media":0,"parent":0,"menu_order":0,"comment_status":"closed","ping_status":"closed","template":"","meta":{"footnotes":""},"class_list":["post-1089","page","type-page","status-publish","hentry"],"_links":{"self":[{"href":"https:\/\/linetchanvrebio.org\/index.php\/wp-json\/wp\/v2\/pages\/1089","targetHints":{"allow":["GET"]}}],"collection":[{"href":"https:\/\/linetchanvrebio.org\/index.php\/wp-json\/wp\/v2\/pages"}],"about":[{"href":"https:\/\/linetchanvrebio.org\/index.php\/wp-json\/wp\/v2\/types\/page"}],"author":[{"embeddable":true,"href":"https:\/\/linetchanvrebio.org\/index.php\/wp-json\/wp\/v2\/users\/31"}],"replies":[{"embeddable":true,"href":"https:\/\/linetchanvrebio.org\/index.php\/wp-json\/wp\/v2\/comments?post=1089"}],"version-history":[{"count":6,"href":"https:\/\/linetchanvrebio.org\/index.php\/wp-json\/wp\/v2\/pages\/1089\/revisions"}],"predecessor-version":[{"id":2670,"href":"https:\/\/linetchanvrebio.org\/index.php\/wp-json\/wp\/v2\/pages\/1089\/revisions\/2670"}],"wp:attachment":[{"href":"https:\/\/linetchanvrebio.org\/index.php\/wp-json\/wp\/v2\/media?parent=1089"}],"curies":[{"name":"wp","href":"https:\/\/api.w.org\/{rel}","templated":true}]}}